{"id":46505,"date":"2026-04-22T15:21:38","date_gmt":"2026-04-22T15:21:38","guid":{"rendered":"https:\/\/muchoburrito.com\/actualites-mucho\/offre-cinco-de-mayo\/"},"modified":"2026-04-22T16:02:30","modified_gmt":"2026-04-22T16:02:30","slug":"cinco-de-mayo","status":"publish","type":"page","link":"https:\/\/muchoburrito.com\/fr\/actualites-mucho\/cinco-de-mayo\/","title":{"rendered":"Offre Cinco de Mayo | MUCHO Burrito"},"content":{"rendered":"\t\t<div data-elementor-type=\"wp-page\" data-elementor-id=\"46505\" class=\"elementor elementor-46505 elementor-46493\" data-elementor-post-type=\"page\">\n\t\t\t\t<div class=\"elementor-element elementor-element-ec5a3bf e-flex e-con-boxed e-con e-parent\" data-id=\"ec5a3bf\" data-element_type=\"container\" data-e-type=\"container\">\n\t\t\t\t\t<div class=\"e-con-inner\">\n\t\t\t\t<div class=\"elementor-element elementor-element-01b8fae elementor-widget elementor-widget-heading\" data-id=\"01b8fae\" data-element_type=\"widget\" data-e-type=\"widget\" data-widget_type=\"heading.default\">\n\t\t\t\t<div class=\"elementor-widget-container\">\n\t\t\t\t\t<h2 class=\"elementor-heading-title elementor-size-default\">Les offres du Cinco de Mayo arrivent \u00e0 grands pas : burritos \u00e0 6,99 $, acc\u00e8s anticip\u00e9 et 50 % de r\u00e9duction avec achat<\/h2>\t\t\t\t<\/div>\n\t\t\t\t<\/div>\n\t\t\t\t<div class=\"elementor-element elementor-element-3b792ae elementor-widget elementor-widget-text-editor\" data-id=\"3b792ae\" data-element_type=\"widget\" data-e-type=\"widget\" data-widget_type=\"text-editor.default\">\n\t\t\t\t<div class=\"elementor-widget-container\">\n\t\t\t\t\t\t\t\t\t<p>C\u00e9l\u00e9brez le Cinco de Mayo gr\u00e2ce \u00e0 des offres \u00e0 dur\u00e9e limit\u00e9e de MUCHO Burrito, comme les burritos \u00e0 6,99\u00a0$, et une r\u00e9duction de 50\u00a0% avec achat sur les burritos et les bols. Que vous soyez membre du programme de r\u00e9compenses ou ayez simplement envie d\u2019un burrito bien garni, nous aurons quelque chose pour vous satisfaire du 4\u00a0au 10\u00a0mai.<\/p>\n<p>Voici tout ce que vous devez savoir sur les offres de burritos Cinco de Mayo.<\/p>\t\t\t\t\t\t\t\t<\/div>\n\t\t\t\t<\/div>\n\t\t\t\t<div class=\"elementor-element elementor-element-3b485e1 elementor-widget elementor-widget-heading\" data-id=\"3b485e1\" data-element_type=\"widget\" data-e-type=\"widget\" data-widget_type=\"heading.default\">\n\t\t\t\t<div class=\"elementor-widget-container\">\n\t\t\t\t\t<h3 class=\"elementor-heading-title elementor-size-default\">\ud83c\udf89 Acc\u00e8s anticip\u00e9 : les membres du programme de r\u00e9compenses paient leurs burritos 6,99 $ le 4 mai.<\/h3>\t\t\t\t<\/div>\n\t\t\t\t<\/div>\n\t\t\t\t<div class=\"elementor-element elementor-element-905bc9a elementor-widget elementor-widget-text-editor\" data-id=\"905bc9a\" data-element_type=\"widget\" data-e-type=\"widget\" data-widget_type=\"text-editor.default\">\n\t\t\t\t<div class=\"elementor-widget-container\">\n\t\t\t\t\t\t\t\t\t<p>Pourquoi attendre quand vous pouvez l\u2019avoir tout de suite?<\/p>\n<p>Si vous \u00eates membre du programme de r\u00e9compenses, vous obtiendrez un acc\u00e8s anticip\u00e9 le 4&nbsp;mai pour commander un burrito \u00e0 6,99 $ chez MUCHO.<\/p>\n<ul>\n<li>Valable le 4&nbsp;mai pour les membres du programme de r\u00e9compenses seulement.<\/li>\n<li>Obtenez votre burrito favori pour seulement 6,99&nbsp;$<\/li>\n<li>Offert <a href=\"https:\/\/muchoburrito.order-online.ai\/\">en ligne<\/a> (Site Web et appli de MUCHO Burrito)&nbsp;<\/li>\n<\/ul>\n<p>Toujours pas membre? <a href=\"https:\/\/services.wbsrvc.com\/webhook\/promotion?source=mucho_rewards&amp;lang=fr\">Inscrivez-vous d\u00e8s maintenant<\/a> Et obtenez un acc\u00e8s anticip\u00e9 \u00e0 cette offre du Cinco de Mayo avant tout le monde.<\/p>\t\t\t\t\t\t\t\t<\/div>\n\t\t\t\t<\/div>\n\t\t\t\t<div class=\"elementor-element elementor-element-62f161b elementor-widget elementor-widget-heading\" data-id=\"62f161b\" data-element_type=\"widget\" data-e-type=\"widget\" data-widget_type=\"heading.default\">\n\t\t\t\t<div class=\"elementor-widget-container\">\n\t\t\t\t\t<h3 class=\"elementor-heading-title elementor-size-default\">Offre sp\u00e9ciale Cinco de Mayo : burritos \u00e0 6,99 $ le 5 mai<\/h3>\t\t\t\t<\/div>\n\t\t\t\t<\/div>\n\t\t\t\t<div class=\"elementor-element elementor-element-1e38d17 elementor-widget elementor-widget-text-editor\" data-id=\"1e38d17\" data-element_type=\"widget\" data-e-type=\"widget\" data-widget_type=\"text-editor.default\">\n\t\t\t\t<div class=\"elementor-widget-container\">\n\t\t\t\t\t\t\t\t\t<p>Le grand jour, c\u2019est pour bient\u00f4t.<\/p>\n<p>Le 5\u00a0mai seulement, vous pourrez vous procurer un petit burrito \u00e0 6,99\u00a0$ lors de la c\u00e9l\u00e9bration du Cinco de Mayo chez MUCHO.<\/p>\n<ul>\n<li>Offre de burrito d\u2019une journ\u00e9e seulement<\/li>\n<li>Offert en <a href=\"https:\/\/locations.muchoburrito.com\/fr-ca\">succursale <\/a>et <a href=\"https:\/\/muchoburrito.order-online.ai\/\">en ligne<\/a><\/li>\n<li>Personnalisez votre burrito comme il vous pla\u00eet<\/li>\n<\/ul>\n<p>Pour le d\u00eener ou le souper, ou pour f\u00eater entre amis, il s\u2019agit d\u2019une offre de burrito du Cinco de Mayo \u00e0 ne pas manquer.<\/p>\n<p>Astuce de pro\u00a0: Commandez en ligne pour \u00e9viter la file d\u2019attente.<\/p>\t\t\t\t\t\t\t\t<\/div>\n\t\t\t\t<\/div>\n\t\t\t\t<div class=\"elementor-element elementor-element-5c69cc6 elementor-widget elementor-widget-heading\" data-id=\"5c69cc6\" data-element_type=\"widget\" data-e-type=\"widget\" data-widget_type=\"heading.default\">\n\t\t\t\t<div class=\"elementor-widget-container\">\n\t\t\t\t\t<h3 class=\"elementor-heading-title elementor-size-default\"> 50 % de r\u00e9duction avec achat sur les burritos et les bols, du 6 au 10 mai<\/h3>\t\t\t\t<\/div>\n\t\t\t\t<\/div>\n\t\t\t\t<div class=\"elementor-element elementor-element-a92ef17 elementor-widget elementor-widget-text-editor\" data-id=\"a92ef17\" data-element_type=\"widget\" data-e-type=\"widget\" data-widget_type=\"text-editor.default\">\n\t\t\t\t<div class=\"elementor-widget-container\">\n\t\t\t\t\t\t\t\t\t<p>La c\u00e9l\u00e9bration se poursuit au-del\u00e0 du Cinco de Mayo.<\/p>\n<p>Du 6\u00a0au 10\u00a0mai, continuez la f\u00eate en obtenant une r\u00e9duction de 50\u00a0% sur les burritos et les bols \u00e0 l\u2019achat d\u2019un plat au prix ordinaire. C\u2019est l\u2019une des meilleures offres accessibles.<\/p>\n<ul>\n<li>Achetez un burrito ou un bol sur mesure et obtenez le deuxi\u00e8me \u00e0 demi-prix.<\/li>\n<li>Parfait pour partager (ou non)<\/li>\n<li>Offert en <a href=\"https:\/\/locations.muchoburrito.com\/fr-ca\">succursale <\/a>et <a href=\"https:\/\/muchoburrito.order-online.ai\/\">en ligne<\/a><\/li>\n<\/ul>\n<p>Choisissez vos garnitures et construisez un burrito \u00e0 votre go\u00fbt \u2013 parce que tout est meilleur avec une offre imbattable.<\/p>\t\t\t\t\t\t\t\t<\/div>\n\t\t\t\t<\/div>\n\t\t\t\t<div class=\"elementor-element elementor-element-2e8c0ee elementor-widget elementor-widget-heading\" data-id=\"2e8c0ee\" data-element_type=\"widget\" data-e-type=\"widget\" data-widget_type=\"heading.default\">\n\t\t\t\t<div class=\"elementor-widget-container\">\n\t\t\t\t\t<h3 class=\"elementor-heading-title elementor-size-default\">Grattez et gagnez en succursale seulement<\/h3>\t\t\t\t<\/div>\n\t\t\t\t<\/div>\n\t\t\t\t<div class=\"elementor-element elementor-element-12278b7 elementor-widget elementor-widget-text-editor\" data-id=\"12278b7\" data-element_type=\"widget\" data-e-type=\"widget\" data-widget_type=\"text-editor.default\">\n\t\t\t\t<div class=\"elementor-widget-container\">\n\t\t\t\t\t\t\t\t\t<p>Visitez-nous <a href=\"https:\/\/services.wbsrvc.com\/webhook\/promotion?source=mucho_rewards&amp;lang=fr\">en succursale <\/a>pendant la c\u00e9l\u00e9bration du Cinco de Mayo, et participez \u00e0 notre concours \u00ab\u00a0Grattez et gagnez\u00a0\u00bb.<\/p>\n<p>Voici votre chance d\u2019obtenir 10\u00a0% de r\u00e9duction sur votre prochain achat ou d\u2019autres prix comme\u00a0:<\/p>\n<ul>\n<li>du guacamole gratuit \u00e0 l\u2019achat d\u2019un plat principal au choix;<\/li>\n<li>du queso gratuit \u00e0 l\u2019achat d\u2019un plat principal au choix;<\/li>\n<li>une boisson Jarritos gratuite \u00e0 l\u2019achat d\u2019un plat principal au choix;<\/li>\n<li>des cartes-cadeaux de 10\u00a0$ de MUCHO Burrito;<\/li>\n<li>ou le grand prix\u00a0: une carte-cadeau de 500\u00a0$ de MUCHO Burrito.<\/li>\n<\/ul>\n<p>Il suffit de balayer et de gratter pour gagner, en succursale.<\/p>\t\t\t\t\t\t\t\t<\/div>\n\t\t\t\t<\/div>\n\t\t\t\t<div class=\"elementor-element elementor-element-e6470ab elementor-widget elementor-widget-n-accordion\" data-id=\"e6470ab\" data-element_type=\"widget\" data-e-type=\"widget\" data-settings=\"{&quot;default_state&quot;:&quot;expanded&quot;,&quot;max_items_expended&quot;:&quot;one&quot;,&quot;n_accordion_animation_duration&quot;:{&quot;unit&quot;:&quot;ms&quot;,&quot;size&quot;:400,&quot;sizes&quot;:[]}}\" data-widget_type=\"nested-accordion.default\">\n\t\t\t\t<div class=\"elementor-widget-container\">\n\t\t\t\t\t\t\t<div class=\"e-n-accordion\" aria-label=\"Accordion. Open links with Enter or Space, close with Escape, and navigate with Arrow Keys\">\n\t\t\t\t\t\t<details id=\"e-n-accordion-item-2410\" class=\"e-n-accordion-item\" open>\n\t\t\t\t<summary class=\"e-n-accordion-item-title\" data-accordion-index=\"1\" tabindex=\"0\" aria-expanded=\"true\" aria-controls=\"e-n-accordion-item-2410\" >\n\t\t\t\t\t<span class='e-n-accordion-item-title-header'><div class=\"e-n-accordion-item-title-text\"> Offres de burritos du Cinco de Mayo \u2013 FAQ <\/div><\/span>\n\t\t\t\t\t\t\t<span class='e-n-accordion-item-title-icon'>\n\t\t\t<span class='e-opened' ><svg aria-hidden=\"true\" class=\"e-font-icon-svg e-fas-minus\" viewBox=\"0 0 448 512\" xmlns=\"http:\/\/www.w3.org\/2000\/svg\"><path d=\"M416 208H32c-17.67 0-32 14.33-32 32v32c0 17.67 14.33 32 32 32h384c17.67 0 32-14.33 32-32v-32c0-17.67-14.33-32-32-32z\"><\/path><\/svg><\/span>\n\t\t\t<span class='e-closed'><svg aria-hidden=\"true\" class=\"e-font-icon-svg e-fas-plus\" viewBox=\"0 0 448 512\" xmlns=\"http:\/\/www.w3.org\/2000\/svg\"><path d=\"M416 208H272V64c0-17.67-14.33-32-32-32h-32c-17.67 0-32 14.33-32 32v144H32c-17.67 0-32 14.33-32 32v32c0 17.67 14.33 32 32 32h144v144c0 17.67 14.33 32 32 32h32c17.67 0 32-14.33 32-32V304h144c17.67 0 32-14.33 32-32v-32c0-17.67-14.33-32-32-32z\"><\/path><\/svg><\/span>\n\t\t<\/span>\n\n\t\t\t\t\t\t<\/summary>\n\t\t\t\t<div role=\"region\" aria-labelledby=\"e-n-accordion-item-2410\" class=\"elementor-element elementor-element-0fdbcd3 e-con-full e-flex e-con e-child\" data-id=\"0fdbcd3\" data-element_type=\"container\" data-e-type=\"container\">\n\t\t<div role=\"region\" aria-labelledby=\"e-n-accordion-item-2410\" class=\"elementor-element elementor-element-85e34c9 e-con-full e-flex e-con e-child\" data-id=\"85e34c9\" data-element_type=\"container\" data-e-type=\"container\">\n\t\t\t\t<div class=\"elementor-element elementor-element-22f05c7 elementor-widget elementor-widget-text-editor\" data-id=\"22f05c7\" data-element_type=\"widget\" data-e-type=\"widget\" data-widget_type=\"text-editor.default\">\n\t\t\t\t<div class=\"elementor-widget-container\">\n\t\t\t\t\t\t\t\t\t<p><b>Quand l\u2019offre de burrito \u00e0 6,99\u00a0$ sera-t-elle valable?<br \/><\/b>L\u2019offre de burrito \u00e0 6,99\u00a0$ sera valable le 5\u00a0mai seulement, avec un acc\u00e8s anticip\u00e9 le 4\u00a0mai pour les membres du programme de r\u00e9compenses.<\/p>\n<p><b>L\u2019offre Cinco de Mayo est-elle accessible en succursale et en ligne?<br \/><\/b>Oui, les offres de burritos du Cinco de Mayo sont accessibles chez MUHCO, en succursale et en ligne. L\u2019offre exclusive \u00e0 l\u2019intention des membres du programme de r\u00e9compenses est accessible uniquement depuis le site Web ou l\u2019appli MUCHO.<\/p>\n<p><b>En quoi consiste l\u2019offre de burrito \u00e0 demi-prix?<br \/><\/b>Du\u00a06 au 10\u00a0mai, achetez un burrito ou un bol et obtenez le deuxi\u00e8me \u00e0 demi-prix.<\/p>\n<p><b>O\u00f9 puis-je trouver les offres du Cinco de Mayo pr\u00e8s de chez moi?<br \/><\/b>Ces offres sont valables dans les restaurants MUCHO Burrito participants pr\u00e8s de chez vous.<\/p>\t\t\t\t\t\t\t\t<\/div>\n\t\t\t\t<\/div>\n\t\t\t\t<\/div>\n\t\t\t\t<\/div>\n\t\t\t\t\t<\/details>\n\t\t\t\t\t<\/div>\n\t\t\t\t\t\t<\/div>\n\t\t\t\t<\/div>\n\t\t\t\t\t<\/div>\n\t\t\t\t<\/div>\n\t\t\t\t<\/div>\n\t\t","protected":false},"excerpt":{"rendered":"<p>Les offres du Cinco de Mayo arrivent \u00e0 grands pas : burritos \u00e0 6,99 $, acc\u00e8s anticip\u00e9 et 50 % de r\u00e9duction avec achat C\u00e9l\u00e9brez le Cinco de Mayo gr\u00e2ce \u00e0 des offres \u00e0 dur\u00e9e limit\u00e9e de MUCHO Burrito, comme les burritos \u00e0 6,99\u00a0$, et une r\u00e9duction de 50\u00a0% avec achat sur les burritos et [&hellip;]<\/p>\n","protected":false},"author":1,"featured_media":0,"parent":20568,"menu_order":0,"comment_status":"closed","ping_status":"closed","template":"","meta":{"_acf_changed":false,"footnotes":""},"class_list":["post-46505","page","type-page","status-publish","hentry"],"acf":[],"_links":{"self":[{"href":"https:\/\/muchoburrito.com\/fr\/wp-json\/wp\/v2\/pages\/46505","targetHints":{"allow":["GET"]}}],"collection":[{"href":"https:\/\/muchoburrito.com\/fr\/wp-json\/wp\/v2\/pages"}],"about":[{"href":"https:\/\/muchoburrito.com\/fr\/wp-json\/wp\/v2\/types\/page"}],"author":[{"embeddable":true,"href":"https:\/\/muchoburrito.com\/fr\/wp-json\/wp\/v2\/users\/1"}],"replies":[{"embeddable":true,"href":"https:\/\/muchoburrito.com\/fr\/wp-json\/wp\/v2\/comments?post=46505"}],"version-history":[{"count":5,"href":"https:\/\/muchoburrito.com\/fr\/wp-json\/wp\/v2\/pages\/46505\/revisions"}],"predecessor-version":[{"id":46527,"href":"https:\/\/muchoburrito.com\/fr\/wp-json\/wp\/v2\/pages\/46505\/revisions\/46527"}],"up":[{"embeddable":true,"href":"https:\/\/muchoburrito.com\/fr\/wp-json\/wp\/v2\/pages\/20568"}],"wp:attachment":[{"href":"https:\/\/muchoburrito.com\/fr\/wp-json\/wp\/v2\/media?parent=46505"}],"curies":[{"name":"wp","href":"https:\/\/api.w.org\/{rel}","templated":true}]}}