{"id":46334,"date":"2026-04-09T17:09:18","date_gmt":"2026-04-09T17:09:18","guid":{"rendered":"https:\/\/muchoburrito.com\/actualites-mucho\/cali-crunch\/"},"modified":"2026-04-09T17:12:47","modified_gmt":"2026-04-09T17:12:47","slug":"cali-crunch","status":"publish","type":"page","link":"https:\/\/muchoburrito.com\/fr\/actualites-mucho\/cali-crunch\/","title":{"rendered":"D\u00e9couvrez la NOUVELLE Salsa Folie"},"content":{"rendered":"\t\t<div data-elementor-type=\"wp-page\" data-elementor-id=\"46334\" class=\"elementor elementor-46334 elementor-46326\" data-elementor-post-type=\"page\">\n\t\t\t\t<div class=\"elementor-element elementor-element-ec5a3bf e-flex e-con-boxed e-con e-parent\" data-id=\"ec5a3bf\" data-element_type=\"container\" data-e-type=\"container\">\n\t\t\t\t\t<div class=\"e-con-inner\">\n\t\t\t\t<div class=\"elementor-element elementor-element-01b8fae elementor-widget elementor-widget-heading\" data-id=\"01b8fae\" data-element_type=\"widget\" data-e-type=\"widget\" data-widget_type=\"heading.default\">\n\t\t\t\t<div class=\"elementor-widget-container\">\n\t\t\t\t\t<h2 class=\"elementor-heading-title elementor-size-default\">D\u00e9couvrez la NOUVELLE Salsa Folie<\/h2>\t\t\t\t<\/div>\n\t\t\t\t<\/div>\n\t\t\t\t<div class=\"elementor-element elementor-element-3b792ae elementor-widget elementor-widget-text-editor\" data-id=\"3b792ae\" data-element_type=\"widget\" data-e-type=\"widget\" data-widget_type=\"text-editor.default\">\n\t\t\t\t<div class=\"elementor-widget-container\">\n\t\t\t\t\t\t\t\t\t<p>Impossible de choisir juste une salsa? Parfait.<\/p>\n<p>Notre Salsa Folie met tout sur la table : des chips de tortilla fra\u00eechement frites, relev\u00e9es de lime et d\u2019assaisonnement, servies avec 4 salsas faites en casa au choix. Que tu choisisses le piquant avec la Hot, l\u2019\u00e9quilibre avec la Medium ou la fra\u00eecheur avec le Pico de Gallo, chaque combinaison a son propre punch.<\/p>\n<p>Et maintenant, il y a une nouvelle venue.<\/p>\n\t\t\t\t\t\t\t\t<\/div>\n\t\t\t\t<\/div>\n\t\t\t\t<div class=\"elementor-element elementor-element-3b485e1 elementor-widget elementor-widget-heading\" data-id=\"3b485e1\" data-element_type=\"widget\" data-e-type=\"widget\" data-widget_type=\"heading.default\">\n\t\t\t\t<div class=\"elementor-widget-container\">\n\t\t\t\t\t<h3 class=\"elementor-heading-title elementor-size-default\">D\u00e9couvrez la NOUVELLE Salsa Folie<\/h3>\t\t\t\t<\/div>\n\t\t\t\t<\/div>\n\t\t\t\t<div class=\"elementor-element elementor-element-905bc9a elementor-widget elementor-widget-text-editor\" data-id=\"905bc9a\" data-element_type=\"widget\" data-e-type=\"widget\" data-widget_type=\"text-editor.default\">\n\t\t\t\t<div class=\"elementor-widget-container\">\n\t\t\t\t\t\t\t\t\t<p>Impossible de choisir juste une salsa? Parfait.<\/p>\n<p>Notre Salsa Folie met tout sur la table : des chips de tortilla fra\u00eechement frites, relev\u00e9es de lime et d\u2019assaisonnement, servies avec 4 salsas faites en casa au choix. Que tu choisisses le piquant avec la Hot, l\u2019\u00e9quilibre avec la Medium ou la fra\u00eecheur avec le Pico de Gallo, chaque combinaison a son propre punch.<\/p>\n<p>Et maintenant, il y a une nouvelle venue.<\/p>\n\t\t\t\t\t\t\t\t<\/div>\n\t\t\t\t<\/div>\n\t\t\t\t<div class=\"elementor-element elementor-element-62f161b elementor-widget elementor-widget-heading\" data-id=\"62f161b\" data-element_type=\"widget\" data-e-type=\"widget\" data-widget_type=\"heading.default\">\n\t\t\t\t<div class=\"elementor-widget-container\">\n\t\t\t\t\t<h3 class=\"elementor-heading-title elementor-size-default\">Voici la Salsa Cruda<\/h3>\t\t\t\t<\/div>\n\t\t\t\t<\/div>\n\t\t\t\t<div class=\"elementor-element elementor-element-1e38d17 elementor-widget elementor-widget-text-editor\" data-id=\"1e38d17\" data-element_type=\"widget\" data-e-type=\"widget\" data-widget_type=\"text-editor.default\">\n\t\t\t\t<div class=\"elementor-widget-container\">\n\t\t\t\t\t\t\t\t\t<p>Notre NOUVELLE Salsa Cruda, c\u2019est la fra\u00eecheur \u00e0 l\u2019\u00e9tat pur. Pr\u00e9par\u00e9e avec des tomatillos, des jalape\u00f1os, de la coriandre, du jus de lime et juste ce qu\u2019il faut d\u2019assaisonnement, elle est vive, fra\u00eeche et pleine de saveur.<\/p>\n<p>Aucun raccourci. Juste de vrais ingr\u00e9dients, bien m\u00e9lang\u00e9s pour r\u00e9v\u00e9ler tout leur go\u00fbt.<\/p>\n<p>C\u2019est le genre de salsa qui go\u00fbte comme si elle avait \u00e9t\u00e9 faite \u00e0 la maison. Parce que c\u2019est un peu \u00e7a.<\/p>\n<p>Fait en casa. Sans raccourcis.<\/p>\n<p>Toutes nos salsas sont pr\u00e9par\u00e9es sur place avec de vrais ingr\u00e9dients \u2014 coup\u00e9s, m\u00e9lang\u00e9s et faits frais.<\/p>\n<p>Aucun compromis. Juste du vrai go\u00fbt \u00e0 chaque bouch\u00e9e.<\/p>\n<p>Alors vas-y \u2014 m\u00e9lange, choisis et trempe dans les 4.<\/p>\n\t\t\t\t\t\t\t\t<\/div>\n\t\t\t\t<\/div>\n\t\t\t\t\t<\/div>\n\t\t\t\t<\/div>\n\t\t\t\t<\/div>\n\t\t","protected":false},"excerpt":{"rendered":"<p>D\u00e9couvrez la NOUVELLE Salsa Folie Impossible de choisir juste une salsa? Parfait. Notre Salsa Folie met tout sur la table : des chips de tortilla fra\u00eechement frites, relev\u00e9es de lime et d\u2019assaisonnement, servies avec 4 salsas faites en casa au choix. Que tu choisisses le piquant avec la Hot, l\u2019\u00e9quilibre avec la Medium ou la [&hellip;]<\/p>\n","protected":false},"author":1,"featured_media":0,"parent":20568,"menu_order":0,"comment_status":"closed","ping_status":"closed","template":"","meta":{"_acf_changed":false,"footnotes":""},"class_list":["post-46334","page","type-page","status-publish","hentry"],"acf":[],"_links":{"self":[{"href":"https:\/\/muchoburrito.com\/fr\/wp-json\/wp\/v2\/pages\/46334","targetHints":{"allow":["GET"]}}],"collection":[{"href":"https:\/\/muchoburrito.com\/fr\/wp-json\/wp\/v2\/pages"}],"about":[{"href":"https:\/\/muchoburrito.com\/fr\/wp-json\/wp\/v2\/types\/page"}],"author":[{"embeddable":true,"href":"https:\/\/muchoburrito.com\/fr\/wp-json\/wp\/v2\/users\/1"}],"replies":[{"embeddable":true,"href":"https:\/\/muchoburrito.com\/fr\/wp-json\/wp\/v2\/comments?post=46334"}],"version-history":[{"count":1,"href":"https:\/\/muchoburrito.com\/fr\/wp-json\/wp\/v2\/pages\/46334\/revisions"}],"predecessor-version":[{"id":46335,"href":"https:\/\/muchoburrito.com\/fr\/wp-json\/wp\/v2\/pages\/46334\/revisions\/46335"}],"up":[{"embeddable":true,"href":"https:\/\/muchoburrito.com\/fr\/wp-json\/wp\/v2\/pages\/20568"}],"wp:attachment":[{"href":"https:\/\/muchoburrito.com\/fr\/wp-json\/wp\/v2\/media?parent=46334"}],"curies":[{"name":"wp","href":"https:\/\/api.w.org\/{rel}","templated":true}]}}