{"id":45502,"date":"2026-03-17T19:45:42","date_gmt":"2026-03-17T19:45:42","guid":{"rendered":"https:\/\/muchoburrito.com\/actualites-mucho\/national-burrito-day\/"},"modified":"2026-03-17T19:48:41","modified_gmt":"2026-03-17T19:48:41","slug":"national-burrito-day","status":"publish","type":"page","link":"https:\/\/muchoburrito.com\/fr\/actualites-mucho\/national-burrito-day\/","title":{"rendered":"National Burrito Day"},"content":{"rendered":"\t\t<div data-elementor-type=\"wp-page\" data-elementor-id=\"45502\" class=\"elementor elementor-45502 elementor-45497\" data-elementor-post-type=\"page\">\n\t\t\t\t<div data-particle_enable=\"false\" data-particle-mobile-disabled=\"false\" class=\"elementor-element elementor-element-ec5a3bf e-flex e-con-boxed e-con e-parent\" data-id=\"ec5a3bf\" data-element_type=\"container\" data-e-type=\"container\">\n\t\t\t\t\t<div class=\"e-con-inner\">\n\t\t\t\t<div class=\"elementor-element elementor-element-01b8fae elementor-widget elementor-widget-heading\" data-id=\"01b8fae\" data-element_type=\"widget\" data-e-type=\"widget\" data-widget_type=\"heading.default\">\n\t\t\t\t\t<h2 class=\"elementor-heading-title elementor-size-default\">MUCHO Burrito c\u00e9l\u00e8bre la journ\u00e9e nationale du burrito avec une promotion 2 pour 1 sur les burritos sur mesure de format classique<\/h2>\t\t\t\t<\/div>\n\t\t\t\t<div class=\"elementor-element elementor-element-3b792ae elementor-widget elementor-widget-text-editor\" data-id=\"3b792ae\" data-element_type=\"widget\" data-e-type=\"widget\" data-widget_type=\"text-editor.default\">\n\t\t\t\t\t\t\t\t\t<p>La Journ\u00e9e nationale du burrito est une journ\u00e9e de grande c\u00e9l\u00e9bration, et MUCHO Burrito souligne l\u2019occasion avec une offre\u00a02\u00a0pour\u00a01 pleine de valeur, de saveur et d\u2019enthousiasme.<\/p>\n<p>Le 2\u00a0avril, nos clients pourront d\u00e9guster un burrito sur mesure de format classique gratuitement avec achat, dans les restaurants MUCHO Burrito participants partout au Canada. \u00c0 l\u2019achat d\u2019un burrito sur mesure de format classique, ils en obtiendront un deuxi\u00e8me GRATUITEMENT.<\/p>\n<p>Pour quiconque recherche, en cette journ\u00e9e de f\u00eate, la meilleure affaire, un 2 pour 1 sur les burritos ou des offres sp\u00e9ciales tout pr\u00e8s de chez soi, MUCHO propose une offre de grande valeur accessible en succursale, en ligne et depuis l\u2019appli MUCHO.<\/p>\n\t\t\t\t\t\t\t\t<\/div>\n\t\t\t\t<div class=\"elementor-element elementor-element-3b485e1 elementor-widget elementor-widget-heading\" data-id=\"3b485e1\" data-element_type=\"widget\" data-e-type=\"widget\" data-widget_type=\"heading.default\">\n\t\t\t\t\t<h3 class=\"elementor-heading-title elementor-size-default\">Les membres du programme de r\u00e9compense profitent d\u2019un acc\u00e8s anticip\u00e9 \u00e0 l\u2019offre 2 pour 1<\/h3>\t\t\t\t<\/div>\n\t\t\t\t<div class=\"elementor-element elementor-element-905bc9a elementor-widget elementor-widget-text-editor\" data-id=\"905bc9a\" data-element_type=\"widget\" data-e-type=\"widget\" data-widget_type=\"text-editor.default\">\n\t\t\t\t\t\t\t\t\t<p>Chez MUCHO, nous r\u00e9compensons la fid\u00e9lit\u00e9.<\/p>\n<p>Ainsi, les membres du programme de r\u00e9compenses MUCHO auront un acc\u00e8s privil\u00e9gi\u00e9 \u00e0 l\u2019offre\u00a02\u00a0pour\u00a01 de la Journ\u00e9e nationale du burrito du 30\u00a0mars au 2\u00a0avril. Pendant cette p\u00e9riode, ils pourront d\u00e9guster leur burrito sur mesure de format classique gratuit avant tout le monde.<\/p>\n<p>Pour r\u00e9clamer l\u2019offre, il suffit de\u00a0:<\/p>\n<ul>\n<li>se connecter \u00e0 son compte de r\u00e9compenses pour commander en ligne ou depuis l\u2019application; ou<\/li>\n<li>balayer la carte de r\u00e9compenses en succursale \u00e0 la caisse.<\/li>\n<\/ul>\n<p>Toujours pas membre? Le fait de s\u2019inscrire aux r\u00e9compenses MUCHO ouvre la porte \u00e0 des promotions exclusives, des offres sp\u00e9ciales et un acc\u00e8s anticip\u00e9 \u00e0 des offres \u00e0 dur\u00e9e limit\u00e9e comme celle de la Journ\u00e9e nationale du burrito.<\/p>\n\t\t\t\t\t\t\t\t<\/div>\n\t\t\t\t<div class=\"elementor-element elementor-element-62f161b elementor-widget elementor-widget-heading\" data-id=\"62f161b\" data-element_type=\"widget\" data-e-type=\"widget\" data-widget_type=\"heading.default\">\n\t\t\t\t\t<h3 class=\"elementor-heading-title elementor-size-default\">Une offre de burrito qui en vaut la peine<\/h3>\t\t\t\t<\/div>\n\t\t\t\t<div class=\"elementor-element elementor-element-1e38d17 elementor-widget elementor-widget-text-editor\" data-id=\"1e38d17\" data-element_type=\"widget\" data-e-type=\"widget\" data-widget_type=\"text-editor.default\">\n\t\t\t\t\t\t\t\t\t<p>La Journ\u00e9e nationale du burrito entra\u00eene toujours une forte demande dans tout le pays, lorsqu\u2019un plus grand nombre de clients recherchent des offres sp\u00e9ciales et des options de valeur.<\/p>\n<p>Nous r\u00e9pondons \u00e0 cette demande au moyen d\u2019une offre simple et g\u00e9n\u00e9reuse con\u00e7ue pour favoriser le partage et rassembler les gens autour de burritos tout frais, sur mesure. Les clients peuvent choisir leur prot\u00e9ine, leurs garnitures et leurs sauces pr\u00e9f\u00e9r\u00e9es, les rassembler dans un burrito sur mesure et c\u00e9l\u00e9brer l\u2019occasion en doublant la saveur.<\/p>\n<p>Offert en succursale, en ligne et depuis l\u2019application.<\/p>\n<p>Les clients qui commandent en ligne doivent s\u2019inscrire et se connecter \u00e0 leur compte de r\u00e9compenses pour profiter de l\u2019offre anticip\u00e9e. De plus, les membres du programme de r\u00e9compenses r\u00e9coltent des poin\u00e7ons pour un achat boni. Apr\u00e8s avoir accumul\u00e9 9\u00a0poin\u00e7ons, les membres peuvent r\u00e9clamer un plat gratuit, soit un burrito, un bol, un trio de tacos, une salade ou une qu\u00e9sadilla.<\/p>\n\t\t\t\t\t\t\t\t<\/div>\n\t\t\t\t\t<\/div>\n\t\t\t\t<\/div>\n\t\t\t\t<\/div>\n\t\t","protected":false},"excerpt":{"rendered":"<p>MUCHO Burrito c\u00e9l\u00e8bre la journ\u00e9e nationale du burrito avec une promotion 2 pour 1 sur les burritos sur mesure de format classique La Journ\u00e9e nationale du burrito est une journ\u00e9e de grande c\u00e9l\u00e9bration, et MUCHO Burrito souligne l\u2019occasion avec une offre\u00a02\u00a0pour\u00a01 pleine de valeur, de saveur et d\u2019enthousiasme. Le 2\u00a0avril, nos clients pourront d\u00e9guster un [&hellip;]<\/p>\n","protected":false},"author":1,"featured_media":0,"parent":20568,"menu_order":0,"comment_status":"closed","ping_status":"closed","template":"","meta":{"_acf_changed":false,"footnotes":""},"class_list":["post-45502","page","type-page","status-publish","hentry"],"acf":[],"_links":{"self":[{"href":"https:\/\/muchoburrito.com\/fr\/wp-json\/wp\/v2\/pages\/45502","targetHints":{"allow":["GET"]}}],"collection":[{"href":"https:\/\/muchoburrito.com\/fr\/wp-json\/wp\/v2\/pages"}],"about":[{"href":"https:\/\/muchoburrito.com\/fr\/wp-json\/wp\/v2\/types\/page"}],"author":[{"embeddable":true,"href":"https:\/\/muchoburrito.com\/fr\/wp-json\/wp\/v2\/users\/1"}],"replies":[{"embeddable":true,"href":"https:\/\/muchoburrito.com\/fr\/wp-json\/wp\/v2\/comments?post=45502"}],"version-history":[{"count":0,"href":"https:\/\/muchoburrito.com\/fr\/wp-json\/wp\/v2\/pages\/45502\/revisions"}],"up":[{"embeddable":true,"href":"https:\/\/muchoburrito.com\/fr\/wp-json\/wp\/v2\/pages\/20568"}],"wp:attachment":[{"href":"https:\/\/muchoburrito.com\/fr\/wp-json\/wp\/v2\/media?parent=45502"}],"curies":[{"name":"wp","href":"https:\/\/api.w.org\/{rel}","templated":true}]}}