{"id":45302,"date":"2026-02-04T14:37:45","date_gmt":"2026-02-04T14:37:45","guid":{"rendered":"https:\/\/muchoburrito.com\/actualites-mucho\/february_love_month\/"},"modified":"2026-03-03T20:48:37","modified_gmt":"2026-03-03T20:48:37","slug":"february_love_month","status":"publish","type":"page","link":"https:\/\/muchoburrito.com\/fr\/actualites-mucho\/february_love_month\/","title":{"rendered":"february\u00a0love month"},"content":{"rendered":"\t\t<div data-elementor-type=\"wp-page\" data-elementor-id=\"45302\" class=\"elementor elementor-45302 elementor-45294\" data-elementor-post-type=\"page\">\n\t\t\t\t<div class=\"elementor-element elementor-element-ec5a3bf e-flex e-con-boxed e-con e-parent\" data-id=\"ec5a3bf\" data-element_type=\"container\" data-e-type=\"container\">\n\t\t\t\t\t<div class=\"e-con-inner\">\n\t\t\t\t<div class=\"elementor-element elementor-element-01b8fae elementor-widget elementor-widget-heading\" data-id=\"01b8fae\" data-element_type=\"widget\" data-e-type=\"widget\" data-widget_type=\"heading.default\">\n\t\t\t\t<div class=\"elementor-widget-container\">\n\t\t\t\t\t<h2 class=\"elementor-heading-title elementor-size-default\">MUCHO Burrito accueille le mois de f\u00e9vrier dans la g\u00e9n\u00e9rosit\u00e9, avec un esprit communautaire et une offre \u00ab Achetez-en un, obtenez-en un autre gratuit \u00bb pour le jour de la Saint-Valentin.<\/h2>\t\t\t\t<\/div>\n\t\t\t\t<\/div>\n\t\t\t\t<div class=\"elementor-element elementor-element-3b792ae elementor-widget elementor-widget-text-editor\" data-id=\"3b792ae\" data-element_type=\"widget\" data-e-type=\"widget\" data-widget_type=\"text-editor.default\">\n\t\t\t\t<div class=\"elementor-widget-container\">\n\t\t\t\t\t\t\t\t\t<p>En cette p\u00e9riode o\u00f9 la population canadienne continue de composer avec des hausses de co\u00fbts et doit faire des choix de restauration intentionnels, MUCHO Burrito accueille le mois de f\u00e9vrier avec un objectif d\u00e9lib\u00e9r\u00e9 : r\u00e9pandre de l\u2019amour g\u00e9n\u00e9reusement, tisser des liens dans notre communaut\u00e9 et offrir de la valeur.<\/p>\n<p>Pour notre marque, f\u00e9vrier est le mois MUCHO de l\u2019amour. Cette initiative nous a \u00e9t\u00e9 inspir\u00e9e par notre slogan AIMEZ MUCHO. D\u2019ailleurs, tout cet amour prendra tout son sens avec notre offre \u00ab\u00a0Achetez-en un, obtenez-en un autre gratuit\u00a0\u00bb sur les burritos et les bols sur mesure de format MUCHO, le 14\u00a0f\u00e9vrier, en succursale seulement, dans les restaurants participants du Canada. Notre promotion pour la Saint-Valentin est con\u00e7ue pour multiplier les repas partag\u00e9s dans une p\u00e9riode o\u00f9 la valeur et le vivre-ensemble sont plus importants que jamais.<\/p>\n<p>Au lieu d\u2019aborder la Saint-Valentin comme un simple \u00e9v\u00e9nement promotionnel, MUCHO mise sur un large programme, au mois de f\u00e9vrier, pour r\u00e9compenser la fid\u00e9lit\u00e9, favoriser les espaces propices \u00e0 la gentillesse et \u00e0 l\u2019esprit communautaire, et renforcer son image de marque ax\u00e9e sur l\u2019hospitalit\u00e9.<\/p>\n\t\t\t\t\t\t\t\t<\/div>\n\t\t\t\t<\/div>\n\t\t\t\t<div class=\"elementor-element elementor-element-3b485e1 elementor-widget elementor-widget-heading\" data-id=\"3b485e1\" data-element_type=\"widget\" data-e-type=\"widget\" data-widget_type=\"heading.default\">\n\t\t\t\t<div class=\"elementor-widget-container\">\n\t\t\t\t\t<h3 class=\"elementor-heading-title elementor-size-default\">Valeur partag\u00e9e pour la Saint-Valentin<\/h3>\t\t\t\t<\/div>\n\t\t\t\t<\/div>\n\t\t\t\t<div class=\"elementor-element elementor-element-905bc9a elementor-widget elementor-widget-text-editor\" data-id=\"905bc9a\" data-element_type=\"widget\" data-e-type=\"widget\" data-widget_type=\"text-editor.default\">\n\t\t\t\t<div class=\"elementor-widget-container\">\n\t\t\t\t\t\t\t\t\t<p>Le 14\u00a0f\u00e9vrier seulement, \u00e0 l\u2019achat d\u2019un bol ou d\u2019un burrito, les clients en recevront un autre gratuitement. Cette offre, d\u2019une journ\u00e9e seulement, encourage les clients \u00e0 partager un repas avec un \u00eatre cher, et constitue une valeur explicite avantageuse dans une p\u00e9riode promotionnelle \u00e9parpill\u00e9e.<\/p>\n\t\t\t\t\t\t\t\t<\/div>\n\t\t\t\t<\/div>\n\t\t\t\t<div class=\"elementor-element elementor-element-62f161b elementor-widget elementor-widget-heading\" data-id=\"62f161b\" data-element_type=\"widget\" data-e-type=\"widget\" data-widget_type=\"heading.default\">\n\t\t\t\t<div class=\"elementor-widget-container\">\n\t\t\t\t\t<h3 class=\"elementor-heading-title elementor-size-default\">R\u00e9compenser la fid\u00e9lit\u00e9 tout le mois de f\u00e9vrier<\/h3>\t\t\t\t<\/div>\n\t\t\t\t<\/div>\n\t\t\t\t<div class=\"elementor-element elementor-element-1e38d17 elementor-widget elementor-widget-text-editor\" data-id=\"1e38d17\" data-element_type=\"widget\" data-e-type=\"widget\" data-widget_type=\"text-editor.default\">\n\t\t\t\t<div class=\"elementor-widget-container\">\n\t\t\t\t\t\t\t\t\t<p>En f\u00e9vrier, chaque visite des membres du programme de r\u00e9compenses MUCHO assure une inscription automatique au concours pour courir la chance de gagner des burritos GRATUITS pour un an, une carte-cadeau d\u2019\u00e9picerie de 500\u00a0$ et l\u2019une des autres cartes-cadeaux de MUCHO. Ce concours ne n\u00e9cessite aucun formulaire ni autre \u00e9tape. MUCHO estime que la fid\u00e9lit\u00e9 est une qualit\u00e9 qui se r\u00e9compense en toute simplicit\u00e9.<\/p>\n\t\t\t\t\t\t\t\t<\/div>\n\t\t\t\t<\/div>\n\t\t\t\t<div class=\"elementor-element elementor-element-460e01e elementor-widget elementor-widget-heading\" data-id=\"460e01e\" data-element_type=\"widget\" data-e-type=\"widget\" data-widget_type=\"heading.default\">\n\t\t\t\t<div class=\"elementor-widget-container\">\n\t\t\t\t\t<h3 class=\"elementor-heading-title elementor-size-default\">Am\u00e9nager des espaces de liens communautaires<\/h3>\t\t\t\t<\/div>\n\t\t\t\t<\/div>\n\t\t\t\t<div class=\"elementor-element elementor-element-460c4ac elementor-widget elementor-widget-text-editor\" data-id=\"460c4ac\" data-element_type=\"widget\" data-e-type=\"widget\" data-widget_type=\"text-editor.default\">\n\t\t\t\t<div class=\"elementor-widget-container\">\n\t\t\t\t\t\t\t\t\t<p>Dans le cadre du mois MUCHO de l\u2019amour, MUCHO Burrito a aussi organis\u00e9 une activit\u00e9 d\u2019engagement en succursale pour inviter les clients \u00e0 poser un acte de gentillesse simple.<\/p>\n<p>Tout au long du mois de f\u00e9vrier, les clients qui \u00e9criront un mot d\u2019amour pour leur communaut\u00e9 et l\u2019afficheront sur les MURS DE L\u2019AMOUR en restaurant, recevront un biscuit gratuit en guise de remerciement. Cette initiative est \u00e0 l\u2019image des valeurs de MUCHO\u00a0: les petits gestes m\u00e8nent \u00e0 des moments empreints de sens dans nos vies, au quotidien.<\/p>\n\t\t\t\t\t\t\t\t<\/div>\n\t\t\t\t<\/div>\n\t\t\t\t<div class=\"elementor-element elementor-element-7a552cf elementor-widget elementor-widget-heading\" data-id=\"7a552cf\" data-element_type=\"widget\" data-e-type=\"widget\" data-widget_type=\"heading.default\">\n\t\t\t\t<div class=\"elementor-widget-container\">\n\t\t\t\t\t<h3 class=\"elementor-heading-title elementor-size-default\">La valeur au quotidien ne se limite pas au mois de f\u00e9vrier<\/h3>\t\t\t\t<\/div>\n\t\t\t\t<\/div>\n\t\t\t\t<div class=\"elementor-element elementor-element-f5eef42 elementor-widget elementor-widget-text-editor\" data-id=\"f5eef42\" data-element_type=\"widget\" data-e-type=\"widget\" data-widget_type=\"text-editor.default\">\n\t\t\t\t<div class=\"elementor-widget-container\">\n\t\t\t\t\t\t\t\t\t<p>En plus de mener ses initiatives de f\u00e9vrier, MUCHO Burrito continue \u00e0 mettre l\u2019accent sur la valeur avec ses Fringales MUCHO, un menu de plats en formats collation offert actuellement et jusqu\u2019au 27\u00a0avril. Au prix de 5\u00a0$, le menu comprend les MUCHITO Burritos, le bol Poco ou les qu\u00e9sadillas collation, des plats offerts en ligne et en restaurant.<\/p>\n\t\t\t\t\t\t\t\t<\/div>\n\t\t\t\t<\/div>\n\t\t\t\t\t<\/div>\n\t\t\t\t<\/div>\n\t\t\t\t<\/div>\n\t\t","protected":false},"excerpt":{"rendered":"<p>MUCHO Burrito accueille le mois de f\u00e9vrier dans la g\u00e9n\u00e9rosit\u00e9, avec un esprit communautaire et une offre \u00ab Achetez-en un, obtenez-en un autre gratuit \u00bb pour le jour de la Saint-Valentin. En cette p\u00e9riode o\u00f9 la population canadienne continue de composer avec des hausses de co\u00fbts et doit faire des choix de restauration intentionnels, MUCHO [&hellip;]<\/p>\n","protected":false},"author":1,"featured_media":0,"parent":20568,"menu_order":0,"comment_status":"closed","ping_status":"closed","template":"","meta":{"_acf_changed":false,"footnotes":""},"class_list":["post-45302","page","type-page","status-publish","hentry"],"acf":[],"_links":{"self":[{"href":"https:\/\/muchoburrito.com\/fr\/wp-json\/wp\/v2\/pages\/45302","targetHints":{"allow":["GET"]}}],"collection":[{"href":"https:\/\/muchoburrito.com\/fr\/wp-json\/wp\/v2\/pages"}],"about":[{"href":"https:\/\/muchoburrito.com\/fr\/wp-json\/wp\/v2\/types\/page"}],"author":[{"embeddable":true,"href":"https:\/\/muchoburrito.com\/fr\/wp-json\/wp\/v2\/users\/1"}],"replies":[{"embeddable":true,"href":"https:\/\/muchoburrito.com\/fr\/wp-json\/wp\/v2\/comments?post=45302"}],"version-history":[{"count":0,"href":"https:\/\/muchoburrito.com\/fr\/wp-json\/wp\/v2\/pages\/45302\/revisions"}],"up":[{"embeddable":true,"href":"https:\/\/muchoburrito.com\/fr\/wp-json\/wp\/v2\/pages\/20568"}],"wp:attachment":[{"href":"https:\/\/muchoburrito.com\/fr\/wp-json\/wp\/v2\/media?parent=45302"}],"curies":[{"name":"wp","href":"https:\/\/api.w.org\/{rel}","templated":true}]}}