{"id":43966,"date":"2025-09-15T14:02:39","date_gmt":"2025-09-15T14:02:39","guid":{"rendered":"https:\/\/muchoburrito.com\/gift-card\/"},"modified":"2026-01-20T18:09:04","modified_gmt":"2026-01-20T18:09:04","slug":"cartes-cadeaux","status":"publish","type":"page","link":"https:\/\/muchoburrito.com\/fr\/cartes-cadeaux\/","title":{"rendered":"Gift Card"},"content":{"rendered":"\t\t<div data-elementor-type=\"wp-page\" data-elementor-id=\"43966\" class=\"elementor elementor-43966 elementor-42932\" data-elementor-post-type=\"page\">\n\t\t\t\t<div class=\"elementor-element elementor-element-44c2da9 e-flex e-con-boxed e-con e-parent\" data-id=\"44c2da9\" data-element_type=\"container\" data-e-type=\"container\">\n\t\t\t\t\t<div class=\"e-con-inner\">\n\t\t\t\t<div class=\"elementor-element elementor-element-3e205a2 elementor-widget-widescreen__width-inherit elementor-widget elementor-widget-image\" data-id=\"3e205a2\" data-element_type=\"widget\" data-e-type=\"widget\" data-widget_type=\"image.default\">\n\t\t\t\t<div class=\"elementor-widget-container\">\n\t\t\t\t\t\t\t\t\t\t\t\t\t\t\t<img fetchpriority=\"high\" decoding=\"async\" width=\"1775\" height=\"447\" src=\"https:\/\/muchoburrito.com\/wp-content\/uploads\/2025\/10\/HEADER-FR-e1760634318432.jpg\" class=\"attachment-full size-full wp-image-43968\" alt=\"\" srcset=\"https:\/\/muchoburrito.com\/wp-content\/uploads\/2025\/10\/HEADER-FR-e1760634318432.jpg 1775w, https:\/\/muchoburrito.com\/wp-content\/uploads\/2025\/10\/HEADER-FR-e1760634318432-300x76.jpg 300w, https:\/\/muchoburrito.com\/wp-content\/uploads\/2025\/10\/HEADER-FR-e1760634318432-1024x258.jpg 1024w, https:\/\/muchoburrito.com\/wp-content\/uploads\/2025\/10\/HEADER-FR-e1760634318432-768x193.jpg 768w, https:\/\/muchoburrito.com\/wp-content\/uploads\/2025\/10\/HEADER-FR-e1760634318432-1536x387.jpg 1536w\" sizes=\"(max-width: 1775px) 100vw, 1775px\" \/>\t\t\t\t\t\t\t\t\t\t\t\t\t\t\t<\/div>\n\t\t\t\t<\/div>\n\t\t\t\t\t<\/div>\n\t\t\t\t<\/div>\n\t\t<div class=\"elementor-element elementor-element-0f1fb7e e-flex e-con-boxed e-con e-parent\" data-id=\"0f1fb7e\" data-element_type=\"container\" data-e-type=\"container\">\n\t\t\t\t\t<div class=\"e-con-inner\">\n\t\t<div class=\"elementor-element elementor-element-4f07c9b e-con-full e-flex e-con e-child\" data-id=\"4f07c9b\" data-element_type=\"container\" data-e-type=\"container\" data-settings=\"{&quot;background_background&quot;:&quot;classic&quot;}\">\n\t\t\t\t<div class=\"elementor-element elementor-element-3995b63 elementor-widget elementor-widget-image\" data-id=\"3995b63\" data-element_type=\"widget\" data-e-type=\"widget\" data-widget_type=\"image.default\">\n\t\t\t\t<div class=\"elementor-widget-container\">\n\t\t\t\t\t\t\t\t\t\t\t\t\t\t\t<img decoding=\"async\" width=\"800\" height=\"408\" src=\"https:\/\/muchoburrito.com\/wp-content\/uploads\/2025\/10\/DIGITAL-GC-FR-1.jpg\" class=\"attachment-2048x2048 size-2048x2048 wp-image-44048\" alt=\"\" srcset=\"https:\/\/muchoburrito.com\/wp-content\/uploads\/2025\/10\/DIGITAL-GC-FR-1.jpg 800w, https:\/\/muchoburrito.com\/wp-content\/uploads\/2025\/10\/DIGITAL-GC-FR-1-300x153.jpg 300w, https:\/\/muchoburrito.com\/wp-content\/uploads\/2025\/10\/DIGITAL-GC-FR-1-768x392.jpg 768w\" sizes=\"(max-width: 800px) 100vw, 800px\" \/>\t\t\t\t\t\t\t\t\t\t\t\t\t\t\t<\/div>\n\t\t\t\t<\/div>\n\t\t\t\t<div class=\"elementor-element elementor-element-c62ef1a elementor-widget elementor-widget-heading\" data-id=\"c62ef1a\" data-element_type=\"widget\" data-e-type=\"widget\" data-widget_type=\"heading.default\">\n\t\t\t\t<div class=\"elementor-widget-container\">\n\t\t\t\t\t<h2 class=\"elementor-heading-title elementor-size-default\">Carte cadeau num\u00e9rique<\/h2>\t\t\t\t<\/div>\n\t\t\t\t<\/div>\n\t\t<div class=\"elementor-element elementor-element-3c0f2970 e-con-full e-flex e-con e-child\" data-id=\"3c0f2970\" data-element_type=\"container\" data-e-type=\"container\">\n\t\t<div class=\"elementor-element elementor-element-3fb10819 e-con-full e-flex e-con e-child\" data-id=\"3fb10819\" data-element_type=\"container\" data-e-type=\"container\">\n\t\t\t\t<div class=\"elementor-element elementor-element-439785f6 elementor-widget elementor-widget-image\" data-id=\"439785f6\" data-element_type=\"widget\" data-e-type=\"widget\" data-widget_type=\"image.default\">\n\t\t\t\t<div class=\"elementor-widget-container\">\n\t\t\t\t\t\t\t\t\t\t\t\t\t\t\t<img decoding=\"async\" width=\"18\" height=\"18\" src=\"https:\/\/muchoburrito.com\/wp-content\/uploads\/2025\/06\/BtKBuc.png\" class=\"attachment-full size-full wp-image-41879\" alt=\"\" \/>\t\t\t\t\t\t\t\t\t\t\t\t\t\t\t<\/div>\n\t\t\t\t<\/div>\n\t\t\t\t<\/div>\n\t\t<div class=\"elementor-element elementor-element-5abc41f8 e-con-full e-flex e-con e-child\" data-id=\"5abc41f8\" data-element_type=\"container\" data-e-type=\"container\">\n\t\t\t\t<div class=\"elementor-element elementor-element-46d52fb8 elementor-widget-mobile__width-initial elementor-widget elementor-widget-text-editor\" data-id=\"46d52fb8\" data-element_type=\"widget\" data-e-type=\"widget\" data-widget_type=\"text-editor.default\">\n\t\t\t\t<div class=\"elementor-widget-container\">\n\t\t\t\t\t\t\t\t\t<p>S\u00e9lectionnez votre motif pr\u00e9f\u00e9r\u00e9<\/p>\n\t\t\t\t\t\t\t\t<\/div>\n\t\t\t\t<\/div>\n\t\t\t\t<\/div>\n\t\t\t\t<\/div>\n\t\t<div class=\"elementor-element elementor-element-f4b3f72 e-con-full e-flex e-con e-child\" data-id=\"f4b3f72\" data-element_type=\"container\" data-e-type=\"container\">\n\t\t<div class=\"elementor-element elementor-element-1b52a72 e-con-full e-flex e-con e-child\" data-id=\"1b52a72\" data-element_type=\"container\" data-e-type=\"container\">\n\t\t\t\t<div class=\"elementor-element elementor-element-a446ce9 elementor-widget elementor-widget-image\" data-id=\"a446ce9\" data-element_type=\"widget\" data-e-type=\"widget\" data-widget_type=\"image.default\">\n\t\t\t\t<div class=\"elementor-widget-container\">\n\t\t\t\t\t\t\t\t\t\t\t\t\t\t\t<img decoding=\"async\" width=\"18\" height=\"18\" src=\"https:\/\/muchoburrito.com\/wp-content\/uploads\/2025\/06\/BtKBuc.png\" class=\"attachment-full size-full wp-image-41879\" alt=\"\" \/>\t\t\t\t\t\t\t\t\t\t\t\t\t\t\t<\/div>\n\t\t\t\t<\/div>\n\t\t\t\t<\/div>\n\t\t<div class=\"elementor-element elementor-element-4facf1e e-con-full e-flex e-con e-child\" data-id=\"4facf1e\" data-element_type=\"container\" data-e-type=\"container\">\n\t\t\t\t<div class=\"elementor-element elementor-element-effe1e0 elementor-widget-mobile__width-initial elementor-widget elementor-widget-text-editor\" data-id=\"effe1e0\" data-element_type=\"widget\" data-e-type=\"widget\" data-widget_type=\"text-editor.default\">\n\t\t\t\t<div class=\"elementor-widget-container\">\n\t\t\t\t\t\t\t\t\t<p>Envoyez beaucoup d&rsquo;amour<\/p>\n\t\t\t\t\t\t\t\t<\/div>\n\t\t\t\t<\/div>\n\t\t\t\t<\/div>\n\t\t\t\t<\/div>\n\t\t<div class=\"elementor-element elementor-element-3716845 e-con-full e-flex e-con e-child\" data-id=\"3716845\" data-element_type=\"container\" data-e-type=\"container\">\n\t\t<div class=\"elementor-element elementor-element-8b68bf7 e-con-full e-flex e-con e-child\" data-id=\"8b68bf7\" data-element_type=\"container\" data-e-type=\"container\">\n\t\t\t\t<div class=\"elementor-element elementor-element-144fb35 elementor-widget elementor-widget-image\" data-id=\"144fb35\" data-element_type=\"widget\" data-e-type=\"widget\" data-widget_type=\"image.default\">\n\t\t\t\t<div class=\"elementor-widget-container\">\n\t\t\t\t\t\t\t\t\t\t\t\t\t\t\t<img decoding=\"async\" width=\"18\" height=\"18\" src=\"https:\/\/muchoburrito.com\/wp-content\/uploads\/2025\/06\/BtKBuc.png\" class=\"attachment-full size-full wp-image-41879\" alt=\"\" \/>\t\t\t\t\t\t\t\t\t\t\t\t\t\t\t<\/div>\n\t\t\t\t<\/div>\n\t\t\t\t<\/div>\n\t\t<div class=\"elementor-element elementor-element-ff9d4cc e-con-full e-flex e-con e-child\" data-id=\"ff9d4cc\" data-element_type=\"container\" data-e-type=\"container\">\n\t\t\t\t<div class=\"elementor-element elementor-element-795a6b2 elementor-widget-mobile__width-initial elementor-widget elementor-widget-text-editor\" data-id=\"795a6b2\" data-element_type=\"widget\" data-e-type=\"widget\" data-widget_type=\"text-editor.default\">\n\t\t\t\t<div class=\"elementor-widget-container\">\n\t\t\t\t\t\t\t\t\t<p>Ajouter un message personnalis\u00e9<\/p>\t\t\t\t\t\t\t\t<\/div>\n\t\t\t\t<\/div>\n\t\t\t\t<\/div>\n\t\t\t\t<\/div>\n\t\t<div class=\"elementor-element elementor-element-b89f3af e-con-full e-flex e-con e-child\" data-id=\"b89f3af\" data-element_type=\"container\" data-e-type=\"container\">\n\t\t<div class=\"elementor-element elementor-element-68813a5 e-con-full e-flex e-con e-child\" data-id=\"68813a5\" data-element_type=\"container\" data-e-type=\"container\">\n\t\t\t\t<div class=\"elementor-element elementor-element-f14b804 elementor-widget elementor-widget-image\" data-id=\"f14b804\" data-element_type=\"widget\" data-e-type=\"widget\" data-widget_type=\"image.default\">\n\t\t\t\t<div class=\"elementor-widget-container\">\n\t\t\t\t\t\t\t\t\t\t\t\t\t\t\t<img decoding=\"async\" width=\"18\" height=\"18\" src=\"https:\/\/muchoburrito.com\/wp-content\/uploads\/2025\/06\/BtKBuc.png\" class=\"attachment-full size-full wp-image-41879\" alt=\"\" \/>\t\t\t\t\t\t\t\t\t\t\t\t\t\t\t<\/div>\n\t\t\t\t<\/div>\n\t\t\t\t<\/div>\n\t\t<div class=\"elementor-element elementor-element-3077cd5 e-con-full e-flex e-con e-child\" data-id=\"3077cd5\" data-element_type=\"container\" data-e-type=\"container\">\n\t\t\t\t<div class=\"elementor-element elementor-element-1ae627b elementor-widget-mobile__width-initial elementor-widget elementor-widget-text-editor\" data-id=\"1ae627b\" data-element_type=\"widget\" data-e-type=\"widget\" data-widget_type=\"text-editor.default\">\n\t\t\t\t<div class=\"elementor-widget-container\">\n\t\t\t\t\t\t\t\t\t<p>Recevez la carte cadeau par e-mail ou envoyez-la directement \u00e0 votre personne pr\u00e9f\u00e9r\u00e9e !<\/p>\t\t\t\t\t\t\t\t<\/div>\n\t\t\t\t<\/div>\n\t\t\t\t<\/div>\n\t\t\t\t<\/div>\n\t\t\t\t<div class=\"elementor-element elementor-element-7f0ada7 elementor-align-center elementor-widget__width-inherit elementor-widget elementor-widget-button\" data-id=\"7f0ada7\" data-element_type=\"widget\" data-e-type=\"widget\" data-widget_type=\"button.default\">\n\t\t\t\t<div class=\"elementor-widget-container\">\n\t\t\t\t\t\t\t\t\t<div class=\"elementor-button-wrapper\">\n\t\t\t\t\t<a class=\"elementor-button elementor-button-link elementor-size-sm\" href=\"https:\/\/muchoburrito.achatdecartescadeaux.com\/fr\/store\/\" target=\"_blank\">\n\t\t\t\t\t\t<span class=\"elementor-button-content-wrapper\">\n\t\t\t\t\t\t\t\t\t<span class=\"elementor-button-text\">CLIQUEZ ICI POUR ACHETER EN LIGNE<\/span>\n\t\t\t\t\t<\/span>\n\t\t\t\t\t<\/a>\n\t\t\t\t<\/div>\n\t\t\t\t\t\t\t\t<\/div>\n\t\t\t\t<\/div>\n\t\t\t\t<\/div>\n\t\t<div class=\"elementor-element elementor-element-0d41e47 e-con-full e-flex e-con e-child\" data-id=\"0d41e47\" data-element_type=\"container\" data-e-type=\"container\" data-settings=\"{&quot;background_background&quot;:&quot;classic&quot;}\">\n\t\t\t\t<div class=\"elementor-element elementor-element-5b21372 elementor-widget elementor-widget-image\" data-id=\"5b21372\" data-element_type=\"widget\" data-e-type=\"widget\" data-widget_type=\"image.default\">\n\t\t\t\t<div class=\"elementor-widget-container\">\n\t\t\t\t\t\t\t\t\t\t\t\t\t\t\t<img loading=\"lazy\" decoding=\"async\" width=\"1805\" height=\"921\" src=\"https:\/\/muchoburrito.com\/wp-content\/uploads\/2025\/10\/PHYSICAL-CARD-FR-1.jpg\" class=\"attachment-2048x2048 size-2048x2048 wp-image-44046\" alt=\"\" srcset=\"https:\/\/muchoburrito.com\/wp-content\/uploads\/2025\/10\/PHYSICAL-CARD-FR-1.jpg 1805w, https:\/\/muchoburrito.com\/wp-content\/uploads\/2025\/10\/PHYSICAL-CARD-FR-1-300x153.jpg 300w, https:\/\/muchoburrito.com\/wp-content\/uploads\/2025\/10\/PHYSICAL-CARD-FR-1-1024x522.jpg 1024w, https:\/\/muchoburrito.com\/wp-content\/uploads\/2025\/10\/PHYSICAL-CARD-FR-1-768x392.jpg 768w, https:\/\/muchoburrito.com\/wp-content\/uploads\/2025\/10\/PHYSICAL-CARD-FR-1-1536x784.jpg 1536w\" sizes=\"(max-width: 1805px) 100vw, 1805px\" \/>\t\t\t\t\t\t\t\t\t\t\t\t\t\t\t<\/div>\n\t\t\t\t<\/div>\n\t\t\t\t<div class=\"elementor-element elementor-element-62c6f06 elementor-widget elementor-widget-heading\" data-id=\"62c6f06\" data-element_type=\"widget\" data-e-type=\"widget\" data-widget_type=\"heading.default\">\n\t\t\t\t<div class=\"elementor-widget-container\">\n\t\t\t\t\t<h2 class=\"elementor-heading-title elementor-size-default\">Carte cadeau physique<\/h2>\t\t\t\t<\/div>\n\t\t\t\t<\/div>\n\t\t<div class=\"elementor-element elementor-element-b441cb1 e-con-full e-flex e-con e-child\" data-id=\"b441cb1\" data-element_type=\"container\" data-e-type=\"container\">\n\t\t<div class=\"elementor-element elementor-element-a86836f e-con-full e-flex e-con e-child\" data-id=\"a86836f\" data-element_type=\"container\" data-e-type=\"container\">\n\t\t\t\t<div class=\"elementor-element elementor-element-bc27b54 elementor-widget elementor-widget-image\" data-id=\"bc27b54\" data-element_type=\"widget\" data-e-type=\"widget\" data-widget_type=\"image.default\">\n\t\t\t\t<div class=\"elementor-widget-container\">\n\t\t\t\t\t\t\t\t\t\t\t\t\t\t\t<img decoding=\"async\" width=\"18\" height=\"18\" src=\"https:\/\/muchoburrito.com\/wp-content\/uploads\/2025\/06\/BtKBuc.png\" class=\"attachment-full size-full wp-image-41879\" alt=\"\" \/>\t\t\t\t\t\t\t\t\t\t\t\t\t\t\t<\/div>\n\t\t\t\t<\/div>\n\t\t\t\t<\/div>\n\t\t<div class=\"elementor-element elementor-element-07a2b22 e-con-full e-flex e-con e-child\" data-id=\"07a2b22\" data-element_type=\"container\" data-e-type=\"container\">\n\t\t\t\t<div class=\"elementor-element elementor-element-de8598c elementor-widget-mobile__width-initial elementor-widget elementor-widget-text-editor\" data-id=\"de8598c\" data-element_type=\"widget\" data-e-type=\"widget\" data-widget_type=\"text-editor.default\">\n\t\t\t\t<div class=\"elementor-widget-container\">\n\t\t\t\t\t\t\t\t\t<p>Pour un enseignant qui vous a encourag\u00e9 tout au long de l&rsquo;ann\u00e9e<\/p>\n\t\t\t\t\t\t\t\t<\/div>\n\t\t\t\t<\/div>\n\t\t\t\t<\/div>\n\t\t\t\t<\/div>\n\t\t<div class=\"elementor-element elementor-element-b4765ed e-con-full e-flex e-con e-child\" data-id=\"b4765ed\" data-element_type=\"container\" data-e-type=\"container\">\n\t\t<div class=\"elementor-element elementor-element-d376b37 e-con-full e-flex e-con e-child\" data-id=\"d376b37\" data-element_type=\"container\" data-e-type=\"container\">\n\t\t\t\t<div class=\"elementor-element elementor-element-afe4579 elementor-widget elementor-widget-image\" data-id=\"afe4579\" data-element_type=\"widget\" data-e-type=\"widget\" data-widget_type=\"image.default\">\n\t\t\t\t<div class=\"elementor-widget-container\">\n\t\t\t\t\t\t\t\t\t\t\t\t\t\t\t<img decoding=\"async\" width=\"18\" height=\"18\" src=\"https:\/\/muchoburrito.com\/wp-content\/uploads\/2025\/06\/BtKBuc.png\" class=\"attachment-full size-full wp-image-41879\" alt=\"\" \/>\t\t\t\t\t\t\t\t\t\t\t\t\t\t\t<\/div>\n\t\t\t\t<\/div>\n\t\t\t\t<\/div>\n\t\t<div class=\"elementor-element elementor-element-929279d e-con-full e-flex e-con e-child\" data-id=\"929279d\" data-element_type=\"container\" data-e-type=\"container\">\n\t\t\t\t<div class=\"elementor-element elementor-element-ef5ae1a elementor-widget-mobile__width-initial elementor-widget elementor-widget-text-editor\" data-id=\"ef5ae1a\" data-element_type=\"widget\" data-e-type=\"widget\" data-widget_type=\"text-editor.default\">\n\t\t\t\t<div class=\"elementor-widget-container\">\n\t\t\t\t\t\t\t\t\t<p>Pour la f\u00eate des p\u00e8res<\/p>\n\t\t\t\t\t\t\t\t<\/div>\n\t\t\t\t<\/div>\n\t\t\t\t<\/div>\n\t\t\t\t<\/div>\n\t\t<div class=\"elementor-element elementor-element-daffa14 e-con-full e-flex e-con e-child\" data-id=\"daffa14\" data-element_type=\"container\" data-e-type=\"container\">\n\t\t<div class=\"elementor-element elementor-element-ad367b3 e-con-full e-flex e-con e-child\" data-id=\"ad367b3\" data-element_type=\"container\" data-e-type=\"container\">\n\t\t\t\t<div class=\"elementor-element elementor-element-6958643 elementor-widget elementor-widget-image\" data-id=\"6958643\" data-element_type=\"widget\" data-e-type=\"widget\" data-widget_type=\"image.default\">\n\t\t\t\t<div class=\"elementor-widget-container\">\n\t\t\t\t\t\t\t\t\t\t\t\t\t\t\t<img decoding=\"async\" width=\"18\" height=\"18\" src=\"https:\/\/muchoburrito.com\/wp-content\/uploads\/2025\/06\/BtKBuc.png\" class=\"attachment-full size-full wp-image-41879\" alt=\"\" \/>\t\t\t\t\t\t\t\t\t\t\t\t\t\t\t<\/div>\n\t\t\t\t<\/div>\n\t\t\t\t<\/div>\n\t\t<div class=\"elementor-element elementor-element-63d81d4 e-con-full e-flex e-con e-child\" data-id=\"63d81d4\" data-element_type=\"container\" data-e-type=\"container\">\n\t\t\t\t<div class=\"elementor-element elementor-element-6a25d0c elementor-widget-mobile__width-initial elementor-widget elementor-widget-text-editor\" data-id=\"6a25d0c\" data-element_type=\"widget\" data-e-type=\"widget\" data-widget_type=\"text-editor.default\">\n\t\t\t\t<div class=\"elementor-widget-container\">\n\t\t\t\t\t\t\t\t\t<p>Dire \u00ab merci \u00bb<\/p>\n\t\t\t\t\t\t\t\t<\/div>\n\t\t\t\t<\/div>\n\t\t\t\t<\/div>\n\t\t\t\t<\/div>\n\t\t<div class=\"elementor-element elementor-element-bb61a56 e-con-full e-flex e-con e-child\" data-id=\"bb61a56\" data-element_type=\"container\" data-e-type=\"container\">\n\t\t<div class=\"elementor-element elementor-element-75b5a34 e-con-full e-flex e-con e-child\" data-id=\"75b5a34\" data-element_type=\"container\" data-e-type=\"container\">\n\t\t\t\t<div class=\"elementor-element elementor-element-105f11b elementor-widget elementor-widget-image\" data-id=\"105f11b\" data-element_type=\"widget\" data-e-type=\"widget\" data-widget_type=\"image.default\">\n\t\t\t\t<div class=\"elementor-widget-container\">\n\t\t\t\t\t\t\t\t\t\t\t\t\t\t\t<img decoding=\"async\" width=\"18\" height=\"18\" src=\"https:\/\/muchoburrito.com\/wp-content\/uploads\/2025\/06\/BtKBuc.png\" class=\"attachment-full size-full wp-image-41879\" alt=\"\" \/>\t\t\t\t\t\t\t\t\t\t\t\t\t\t\t<\/div>\n\t\t\t\t<\/div>\n\t\t\t\t<\/div>\n\t\t<div class=\"elementor-element elementor-element-8b4aedd e-con-full e-flex e-con e-child\" data-id=\"8b4aedd\" data-element_type=\"container\" data-e-type=\"container\">\n\t\t\t\t<div class=\"elementor-element elementor-element-365a035 elementor-widget-mobile__width-initial elementor-widget elementor-widget-text-editor\" data-id=\"365a035\" data-element_type=\"widget\" data-e-type=\"widget\" data-widget_type=\"text-editor.default\">\n\t\t\t\t<div class=\"elementor-widget-container\">\n\t\t\t\t\t\t\t\t\t<p>Dire \u00ab je t&rsquo;aime \u00bb<\/p>\n\t\t\t\t\t\t\t\t<\/div>\n\t\t\t\t<\/div>\n\t\t\t\t<\/div>\n\t\t\t\t<\/div>\n\t\t<div class=\"elementor-element elementor-element-f3ef08d e-con-full e-flex e-con e-child\" data-id=\"f3ef08d\" data-element_type=\"container\" data-e-type=\"container\">\n\t\t<div class=\"elementor-element elementor-element-6c7b3f8 e-con-full e-flex e-con e-child\" data-id=\"6c7b3f8\" data-element_type=\"container\" data-e-type=\"container\">\n\t\t\t\t<div class=\"elementor-element elementor-element-8837822 elementor-widget elementor-widget-image\" data-id=\"8837822\" data-element_type=\"widget\" data-e-type=\"widget\" data-widget_type=\"image.default\">\n\t\t\t\t<div class=\"elementor-widget-container\">\n\t\t\t\t\t\t\t\t\t\t\t\t\t\t\t<img decoding=\"async\" width=\"18\" height=\"18\" src=\"https:\/\/muchoburrito.com\/wp-content\/uploads\/2025\/06\/BtKBuc.png\" class=\"attachment-full size-full wp-image-41879\" alt=\"\" \/>\t\t\t\t\t\t\t\t\t\t\t\t\t\t\t<\/div>\n\t\t\t\t<\/div>\n\t\t\t\t<\/div>\n\t\t<div class=\"elementor-element elementor-element-681baf1 e-con-full e-flex e-con e-child\" data-id=\"681baf1\" data-element_type=\"container\" data-e-type=\"container\">\n\t\t\t\t<div class=\"elementor-element elementor-element-f8383c3 elementor-widget-mobile__width-initial elementor-widget elementor-widget-text-editor\" data-id=\"f8383c3\" data-element_type=\"widget\" data-e-type=\"widget\" data-widget_type=\"text-editor.default\">\n\t\t\t\t<div class=\"elementor-widget-container\">\n\t\t\t\t\t\t\t\t\t<p>Obtenez votre carte-cadeau MUCHO Burrito<\/p>\n\t\t\t\t\t\t\t\t<\/div>\n\t\t\t\t<\/div>\n\t\t\t\t<\/div>\n\t\t\t\t<\/div>\n\t\t\t\t<div class=\"elementor-element elementor-element-6e86efa elementor-align-center elementor-widget__width-inherit elementor-widget elementor-widget-button\" data-id=\"6e86efa\" data-element_type=\"widget\" data-e-type=\"widget\" data-widget_type=\"button.default\">\n\t\t\t\t<div class=\"elementor-widget-container\">\n\t\t\t\t\t\t\t\t\t<div class=\"elementor-button-wrapper\">\n\t\t\t\t\t<a class=\"elementor-button elementor-button-link elementor-size-sm\" href=\"https:\/\/locations.muchoburrito.com\/fr-ca\" target=\"_blank\">\n\t\t\t\t\t\t<span class=\"elementor-button-content-wrapper\">\n\t\t\t\t\t\t\t\t\t<span class=\"elementor-button-text\">TROUVEZ UN MUCHO BURRITO PR\u00c8S DE CHEZ VOUS<\/span>\n\t\t\t\t\t<\/span>\n\t\t\t\t\t<\/a>\n\t\t\t\t<\/div>\n\t\t\t\t\t\t\t\t<\/div>\n\t\t\t\t<\/div>\n\t\t\t\t<\/div>\n\t\t\t\t\t<\/div>\n\t\t\t\t<\/div>\n\t\t<div class=\"elementor-element elementor-element-a0faee2 e-flex e-con-boxed e-con e-parent\" data-id=\"a0faee2\" data-element_type=\"container\" data-e-type=\"container\">\n\t\t\t\t\t<div class=\"e-con-inner\">\n\t\t\t\t<div class=\"elementor-element elementor-element-eb299ec elementor-widget elementor-widget-shortcode\" data-id=\"eb299ec\" data-element_type=\"widget\" data-e-type=\"widget\" data-widget_type=\"shortcode.default\">\n\t\t\t\t<div class=\"elementor-widget-container\">\n\t\t\t\t\t\t\t<div class=\"elementor-shortcode\"><iframe src=\"https:\/\/embed-muchoburrito.verifiervotresolde.com\/fr\/\" scrolling=\"no\" style=\"height:600px;width:1024px; background: white; border:none;margin-top:0px; padding-left: 3%; padding-right: 3%;\" title=\"Iframe Example\"><\/iframe><\/div>\n\t\t\t\t\t\t<\/div>\n\t\t\t\t<\/div>\n\t\t\t\t\t<\/div>\n\t\t\t\t<\/div>\n\t\t\t\t<\/div>\n\t\t","protected":false},"excerpt":{"rendered":"<p>Carte cadeau num\u00e9rique S\u00e9lectionnez votre motif pr\u00e9f\u00e9r\u00e9 Envoyez beaucoup d&rsquo;amour Ajouter un message personnalis\u00e9 Recevez la carte cadeau par e-mail ou envoyez-la directement \u00e0 votre personne pr\u00e9f\u00e9r\u00e9e ! CLIQUEZ ICI POUR ACHETER EN LIGNE Carte cadeau physique Pour un enseignant qui vous a encourag\u00e9 tout au long de l&rsquo;ann\u00e9e Pour la f\u00eate des p\u00e8res Dire [&hellip;]<\/p>\n","protected":false},"author":1,"featured_media":42945,"parent":0,"menu_order":0,"comment_status":"closed","ping_status":"closed","template":"","meta":{"_acf_changed":false,"footnotes":""},"class_list":["post-43966","page","type-page","status-publish","has-post-thumbnail","hentry"],"acf":[],"_links":{"self":[{"href":"https:\/\/muchoburrito.com\/fr\/wp-json\/wp\/v2\/pages\/43966","targetHints":{"allow":["GET"]}}],"collection":[{"href":"https:\/\/muchoburrito.com\/fr\/wp-json\/wp\/v2\/pages"}],"about":[{"href":"https:\/\/muchoburrito.com\/fr\/wp-json\/wp\/v2\/types\/page"}],"author":[{"embeddable":true,"href":"https:\/\/muchoburrito.com\/fr\/wp-json\/wp\/v2\/users\/1"}],"replies":[{"embeddable":true,"href":"https:\/\/muchoburrito.com\/fr\/wp-json\/wp\/v2\/comments?post=43966"}],"version-history":[{"count":0,"href":"https:\/\/muchoburrito.com\/fr\/wp-json\/wp\/v2\/pages\/43966\/revisions"}],"wp:featuredmedia":[{"embeddable":true,"href":"https:\/\/muchoburrito.com\/fr\/wp-json\/wp\/v2\/media\/42945"}],"wp:attachment":[{"href":"https:\/\/muchoburrito.com\/fr\/wp-json\/wp\/v2\/media?parent=43966"}],"curies":[{"name":"wp","href":"https:\/\/api.w.org\/{rel}","templated":true}]}}