{"id":42543,"date":"2025-07-14T15:46:28","date_gmt":"2025-07-14T15:46:28","guid":{"rendered":"https:\/\/muchoburrito.com\/ghost-pepper-blog\/"},"modified":"2025-07-14T16:14:12","modified_gmt":"2025-07-14T16:14:12","slug":"ghost-pepper-blog","status":"publish","type":"page","link":"https:\/\/muchoburrito.com\/fr\/ghost-pepper-blog\/","title":{"rendered":"Ghost Pepper News"},"content":{"rendered":"\t\t<div data-elementor-type=\"wp-page\" data-elementor-id=\"42543\" class=\"elementor elementor-42543 elementor-42525\" data-elementor-post-type=\"page\">\n\t\t\t\t<div class=\"elementor-element elementor-element-ec5a3bf e-flex e-con-boxed e-con e-parent\" data-id=\"ec5a3bf\" data-element_type=\"container\" data-e-type=\"container\">\n\t\t\t\t\t<div class=\"e-con-inner\">\n\t\t\t\t<div class=\"elementor-element elementor-element-01b8fae elementor-widget elementor-widget-heading\" data-id=\"01b8fae\" data-element_type=\"widget\" data-e-type=\"widget\" data-widget_type=\"heading.default\">\n\t\t\t\t<div class=\"elementor-widget-container\">\n\t\t\t\t\t<h2 class=\"elementor-heading-title elementor-size-default\">Cet \u00e9t\u00e9, MUCHO offre le piquant rafra\u00eechissant du piment ultra fort jolokia <\/h2>\t\t\t\t<\/div>\n\t\t\t\t<\/div>\n\t\t\t\t<div class=\"elementor-element elementor-element-3b792ae elementor-widget elementor-widget-text-editor\" data-id=\"3b792ae\" data-element_type=\"widget\" data-e-type=\"widget\" data-widget_type=\"text-editor.default\">\n\t\t\t\t<div class=\"elementor-widget-container\">\n\t\t\t\t\t\t\t\t\t<p><i><span data-contrast=\"auto\">Le burrito au piment ultra fort jolokia est offert jusqu\u2019au 21\u202fseptembre<\/span><\/i><span data-ccp-props=\"{&quot;201341983&quot;:0,&quot;335551550&quot;:2,&quot;335551620&quot;:2,&quot;335559740&quot;:278}\">\u00a0<\/span><\/p>\n<p><span data-contrast=\"auto\">Vous croyez que la nourriture \u00e9pic\u00e9e et les vagues de chaleur estivale ne font pas bon m\u00e9nage? Vous avez tort. Chez MUCHO, nous invitons la population canadienne \u00e0 braver la chaleur en go\u00fbtant \u00e0 notre burrito au piment ultra fort jolokia, offert dans les restaurants participants jusqu\u2019au 21\u202fseptembre prochain.<\/span><span data-ccp-props=\"{&quot;201341983&quot;:0,&quot;335559740&quot;:278}\">\u00a0<\/span><\/p>\n<p><b><span data-contrast=\"auto\">La science du piquant<\/span><\/b><span data-ccp-props=\"{&quot;201341983&quot;:0,&quot;335559740&quot;:278}\">\u00a0<\/span><\/p>\n<p><span data-contrast=\"auto\">S\u2019inspirant des cultures des plus chaudes r\u00e9gions du globe \u2014 qui emploient les \u00e9pices en cuisine comme moyen de se rafra\u00eechir \u2014 le piment ultra fort jolokia est bien plus qu\u2019un simple d\u00e9fi; c\u2019est une exp\u00e9rience scientifique. Chaque bouch\u00e9e enflamm\u00e9e lib\u00e8re un compos\u00e9 chimique du piment et d\u00e9clenche la r\u00e9ponse naturelle du corps qui s\u2019active \u00e0 r\u00e9duire sa temp\u00e9rature.<\/span><span data-ccp-props=\"{&quot;201341983&quot;:0,&quot;335559740&quot;:278}\">\u00a0<\/span><\/p>\n<p><span data-contrast=\"auto\">\u00ab\u202fManger quelque chose d\u2019aussi piquant que le burrito au piment ultra fort jolokia de MUCHO vous fera transpirer, mais c\u2019est l\u00e0 la r\u00e9ponse parfaite pour que votre corps se rafra\u00eechisse, explique Trista Chan, nutritionniste agr\u00e9\u00e9e de The Good Life Dietitian.\u202fLa capsa\u00efcine force votre cerveau \u00e0 croire que la temp\u00e9rature augmente, ce qui d\u00e9clenche les m\u00e9canismes de refroidissement du corps, comme l\u2019acc\u00e9l\u00e9ration de la circulation et la transpiration.\u202f\u00bb<\/span><span data-ccp-props=\"{&quot;201341983&quot;:0,&quot;335559740&quot;:278}\">\u00a0<\/span><\/p>\n<p><b><span data-contrast=\"auto\">Le piquant fait du bien<\/span><\/b><span data-ccp-props=\"{&quot;201341983&quot;:0,&quot;335559740&quot;:278}\">\u00a0<\/span><\/p>\n<p><span data-contrast=\"auto\">Le burrito au piment ultra fort jolokia, est un moyen de non seulement se rafra\u00eechir, mais aussi se faire plaisir. Le burrito au piment ultra fort jolokia d\u00e9borde de saveur et les amateurs de piquant en redemandent, que ce soit sous forme de sauce maison, de confiture de figues ou d\u2019oignons croustillants au piment ultra fort jolokia.<\/span><span data-ccp-props=\"{&quot;201341983&quot;:0,&quot;335559740&quot;:278}\">\u00a0<\/span><\/p>\n<p><span data-contrast=\"auto\">\u00ab\u202fLorsqu\u2019on consomme de la capsa\u00efcine, les r\u00e9cepteurs de douleurs s\u2019activent et lib\u00e8rent des endorphines et de la dopamine, des analg\u00e9siques naturels qui am\u00e9liorent l\u2019humeur, explique M<\/span><span data-contrast=\"auto\">me<\/span><span data-contrast=\"auto\">\u202fChan. Apr\u00e8s avoir mang\u00e9 un aliment aussi \u00e9pic\u00e9 que le burrito au piment ultra fort jolokia, le cerveau est r\u00e9compens\u00e9 par un sentiment de joie \u2014 un peu comme l\u2019euphorie du coureur, mais envelopp\u00e9e dans une tortilla.\u202f\u00bb<\/span><span data-ccp-props=\"{&quot;201341983&quot;:0,&quot;335559740&quot;:278}\">\u00a0<\/span><\/p>\n<p><span data-contrast=\"auto\">Servi avec des \u00e0-c\u00f4t\u00e9s rafra\u00eechissants et des ingr\u00e9dients qui en rehaussent toute la saveur, le burrito au piment ultra fort jolokia est pr\u00e9sent\u00e9 dans une tortilla rouge et contient du poulet grill\u00e9, du riz, des l\u00e9gumes pour fajitas, des haricots noirs au piment chipotle, du fromage, de la salsa, des piments jalape\u00f1os, de la coriandre et de la cr\u00e8me s\u00fbre, ce qui procure une aventure go\u00fbteuse et \u00e9quilibr\u00e9e.\u00a0<\/span><span data-ccp-props=\"{&quot;201341983&quot;:0,&quot;335559740&quot;:278}\">\u00a0<\/span><\/p>\n<p><span data-contrast=\"auto\">Le burrito au piment ultra fort jolokia regorge de saveur piquante, et on en redemande. Mais il sera offert pour un temps limit\u00e9 seulement. Si vous \u00eates pr\u00eats \u00e0 vous rafra\u00eechir \u00e0 l\u2019extr\u00eame, nous sommes l\u00e0 pour vous.<\/span><span data-ccp-props=\"{&quot;201341983&quot;:0,&quot;335559740&quot;:278}\">\u00a0<\/span><\/p>\n<p><span data-contrast=\"auto\">Accueillez les sensations fortes, faites confiance \u00e0 la science et n\u2019h\u00e9sitez pas \u00e0 jouer avec votre nourriture cet \u00e9t\u00e9. Venez go\u00fbter au burrito au piment ultra fort jolokia, offert d\u00e8s maintenant dans les restaurants MUCHO participants d\u2019un oc\u00e9an \u00e0 l\u2019autre.<\/span><\/p>\n\t\t\t\t\t\t\t\t<\/div>\n\t\t\t\t<\/div>\n\t\t\t\t\t<\/div>\n\t\t\t\t<\/div>\n\t\t\t\t<\/div>\n\t\t","protected":false},"excerpt":{"rendered":"<p>Cet \u00e9t\u00e9, MUCHO offre le piquant rafra\u00eechissant du piment ultra fort jolokia Le burrito au piment ultra fort jolokia est offert jusqu\u2019au 21\u202fseptembre\u00a0 Vous croyez que la nourriture \u00e9pic\u00e9e et les vagues de chaleur estivale ne font pas bon m\u00e9nage? Vous avez tort. Chez MUCHO, nous invitons la population canadienne \u00e0 braver la chaleur en [&hellip;]<\/p>\n","protected":false},"author":1,"featured_media":0,"parent":0,"menu_order":0,"comment_status":"closed","ping_status":"closed","template":"","meta":{"_acf_changed":false,"footnotes":""},"class_list":["post-42543","page","type-page","status-publish","hentry"],"acf":[],"_links":{"self":[{"href":"https:\/\/muchoburrito.com\/fr\/wp-json\/wp\/v2\/pages\/42543","targetHints":{"allow":["GET"]}}],"collection":[{"href":"https:\/\/muchoburrito.com\/fr\/wp-json\/wp\/v2\/pages"}],"about":[{"href":"https:\/\/muchoburrito.com\/fr\/wp-json\/wp\/v2\/types\/page"}],"author":[{"embeddable":true,"href":"https:\/\/muchoburrito.com\/fr\/wp-json\/wp\/v2\/users\/1"}],"replies":[{"embeddable":true,"href":"https:\/\/muchoburrito.com\/fr\/wp-json\/wp\/v2\/comments?post=42543"}],"version-history":[{"count":0,"href":"https:\/\/muchoburrito.com\/fr\/wp-json\/wp\/v2\/pages\/42543\/revisions"}],"wp:attachment":[{"href":"https:\/\/muchoburrito.com\/fr\/wp-json\/wp\/v2\/media?parent=42543"}],"curies":[{"name":"wp","href":"https:\/\/api.w.org\/{rel}","templated":true}]}}