{"id":20568,"date":"2024-08-16T09:46:11","date_gmt":"2024-08-16T09:46:11","guid":{"rendered":"https:\/\/muchoburrito.com\/actualites-mucho\/"},"modified":"2026-04-09T17:14:34","modified_gmt":"2026-04-09T17:14:34","slug":"actualites-mucho","status":"publish","type":"page","link":"https:\/\/muchoburrito.com\/fr\/actualites-mucho\/","title":{"rendered":"Actualit\u00e9s Mucho"},"content":{"rendered":"\t\t<div data-elementor-type=\"wp-page\" data-elementor-id=\"20568\" class=\"elementor elementor-20568 elementor-19052\" data-elementor-post-type=\"page\">\n\t\t\t\t<div class=\"elementor-element elementor-element-287dd9e e-flex e-con-boxed e-con e-parent\" data-id=\"287dd9e\" data-element_type=\"container\" data-e-type=\"container\" data-settings=\"{&quot;background_background&quot;:&quot;classic&quot;}\">\n\t\t\t\t\t<div class=\"e-con-inner\">\n\t\t\t\t<div class=\"elementor-element elementor-element-8bc21bc elementor-widget elementor-widget-heading\" data-id=\"8bc21bc\" data-element_type=\"widget\" data-e-type=\"widget\" data-widget_type=\"heading.default\">\n\t\t\t\t<div class=\"elementor-widget-container\">\n\t\t\t\t\t<h2 class=\"elementor-heading-title elementor-size-default\">ACTUALIT\u00c9S MUCHO\n<\/h2>\t\t\t\t<\/div>\n\t\t\t\t<\/div>\n\t\t<div class=\"elementor-element elementor-element-c91866d e-con-full elementor-hidden-widescreen elementor-hidden-desktop elementor-hidden-laptop elementor-hidden-tablet_extra elementor-hidden-tablet elementor-hidden-mobile e-flex e-con e-child\" data-id=\"c91866d\" data-element_type=\"container\" data-e-type=\"container\" data-settings=\"{&quot;background_background&quot;:&quot;classic&quot;}\">\n\t\t\t\t<div class=\"elementor-element elementor-element-57a14f0 elementor-grid-1 elementor-grid-tablet-2 elementor-grid-mobile-1 elementor-widget elementor-widget-loop-grid\" data-id=\"57a14f0\" data-element_type=\"widget\" data-e-type=\"widget\" data-settings=\"{&quot;template_id&quot;:20933,&quot;columns&quot;:1,&quot;_skin&quot;:&quot;post&quot;,&quot;columns_tablet&quot;:&quot;2&quot;,&quot;columns_mobile&quot;:&quot;1&quot;,&quot;edit_handle_selector&quot;:&quot;[data-elementor-type=\\&quot;loop-item\\&quot;]&quot;,&quot;row_gap&quot;:{&quot;unit&quot;:&quot;px&quot;,&quot;size&quot;:&quot;&quot;,&quot;sizes&quot;:[]},&quot;row_gap_widescreen&quot;:{&quot;unit&quot;:&quot;px&quot;,&quot;size&quot;:&quot;&quot;,&quot;sizes&quot;:[]},&quot;row_gap_laptop&quot;:{&quot;unit&quot;:&quot;px&quot;,&quot;size&quot;:&quot;&quot;,&quot;sizes&quot;:[]},&quot;row_gap_tablet_extra&quot;:{&quot;unit&quot;:&quot;px&quot;,&quot;size&quot;:&quot;&quot;,&quot;sizes&quot;:[]},&quot;row_gap_tablet&quot;:{&quot;unit&quot;:&quot;px&quot;,&quot;size&quot;:&quot;&quot;,&quot;sizes&quot;:[]},&quot;row_gap_mobile&quot;:{&quot;unit&quot;:&quot;px&quot;,&quot;size&quot;:&quot;&quot;,&quot;sizes&quot;:[]}}\" data-widget_type=\"loop-grid.post\">\n\t\t\t\t<div class=\"elementor-widget-container\">\n\t\t\t\t\t\t\t<div class=\"elementor-loop-container elementor-grid\" role=\"list\">\n\t\t<style id=\"loop-20933\">.elementor-20933 .elementor-element.elementor-element-02b59b3{--display:flex;--flex-direction:row;--container-widget-width:calc( ( 1 - var( --container-widget-flex-grow ) ) * 100% );--container-widget-height:100%;--container-widget-flex-grow:1;--container-widget-align-self:stretch;--flex-wrap-mobile:wrap;--align-items:center;--gap:0px 0px;--row-gap:0px;--column-gap:0px;--padding-top:0px;--padding-bottom:0px;--padding-left:0px;--padding-right:0px;}.elementor-20933 .elementor-element.elementor-element-e216fc5{--display:flex;--flex-direction:column;--container-widget-width:100%;--container-widget-height:initial;--container-widget-flex-grow:0;--container-widget-align-self:initial;--flex-wrap-mobile:wrap;--overflow:hidden;}.elementor-widget-theme-post-featured-image .widget-image-caption{color:var( --e-global-color-text );font-family:var( --e-global-typography-text-font-family ), Sans-serif;font-weight:var( --e-global-typography-text-font-weight );}.elementor-20933 .elementor-element.elementor-element-4c870ee img{width:100%;height:400px;object-fit:cover;object-position:center center;border-radius:15px 15px 15px 15px;}.elementor-20933 .elementor-element.elementor-element-4ea6d8f{--display:flex;--flex-direction:column;--container-widget-width:100%;--container-widget-height:initial;--container-widget-flex-grow:0;--container-widget-align-self:initial;--flex-wrap-mobile:wrap;}.elementor-widget-theme-post-title .elementor-heading-title{font-family:var( --e-global-typography-primary-font-family ), Sans-serif;font-weight:var( --e-global-typography-primary-font-weight );color:var( --e-global-color-primary );}.elementor-20933 .elementor-element.elementor-element-222d137 .elementor-heading-title{font-family:\"Barlow\", Sans-serif;font-size:2.344vw;font-weight:700;color:var( --e-global-color-e02cb24 );}.elementor-20933 .elementor-element.elementor-element-222d137 > .elementor-widget-container{padding:0px 0px 10px 0px;}.elementor-widget-theme-post-excerpt .elementor-widget-container{font-family:var( --e-global-typography-text-font-family ), Sans-serif;font-weight:var( --e-global-typography-text-font-weight );color:var( --e-global-color-text );}.elementor-20933 .elementor-element.elementor-element-e6cbeff .elementor-widget-container{font-family:\"Barlow\", Sans-serif;font-size:1.615vw;font-weight:500;color:var( --e-global-color-e02cb24 );}.elementor-widget-button .elementor-button{font-family:var( --e-global-typography-accent-font-family ), Sans-serif;font-weight:var( --e-global-typography-accent-font-weight );background-color:var( --e-global-color-accent );}.elementor-20933 .elementor-element.elementor-element-e844e54 .elementor-button{font-family:\"Barlow\", Sans-serif;font-size:20px;font-weight:700;border-radius:10px 10px 10px 0px;}@media(max-width:767px){.elementor-20933 .elementor-element.elementor-element-4c870ee img{height:250px;}.elementor-20933 .elementor-element.elementor-element-222d137 .elementor-heading-title{font-size:8vw;}.elementor-20933 .elementor-element.elementor-element-e6cbeff .elementor-widget-container{font-size:4.651vw;}}@media(min-width:768px){.elementor-20933 .elementor-element.elementor-element-e216fc5{--width:50%;}.elementor-20933 .elementor-element.elementor-element-4ea6d8f{--width:50%;}}<\/style>\t\t<div data-elementor-type=\"loop-item\" data-elementor-id=\"20933\" class=\"elementor elementor-20933 elementor-19084 elementor-19084 e-loop-item e-loop-item-20583 post-20583 news type-news status-publish has-post-thumbnail hentry\" data-elementor-post-type=\"elementor_library\" data-custom-edit-handle=\"1\">\n\t\t\t<div class=\"elementor-element elementor-element-02b59b3 e-con-full e-flex e-con e-parent\" data-id=\"02b59b3\" data-element_type=\"container\" data-e-type=\"container\">\n\t\t<div class=\"elementor-element elementor-element-e216fc5 e-con-full e-flex e-con e-child\" data-id=\"e216fc5\" data-element_type=\"container\" data-e-type=\"container\">\n\t\t\t\t<div class=\"elementor-element elementor-element-4c870ee elementor-widget elementor-widget-theme-post-featured-image elementor-widget-image\" data-id=\"4c870ee\" data-element_type=\"widget\" data-e-type=\"widget\" data-widget_type=\"theme-post-featured-image.default\">\n\t\t\t\t<div class=\"elementor-widget-container\">\n\t\t\t\t\t\t\t\t\t\t\t\t\t\t\t<img fetchpriority=\"high\" decoding=\"async\" width=\"527\" height=\"526\" src=\"https:\/\/muchoburrito.com\/wp-content\/uploads\/2024\/08\/image-44.png\" class=\"attachment-full size-full wp-image-19072\" alt=\"\" srcset=\"https:\/\/muchoburrito.com\/wp-content\/uploads\/2024\/08\/image-44.png 527w, https:\/\/muchoburrito.com\/wp-content\/uploads\/2024\/08\/image-44-300x300.png 300w, https:\/\/muchoburrito.com\/wp-content\/uploads\/2024\/08\/image-44-150x150.png 150w\" sizes=\"(max-width: 527px) 100vw, 527px\" \/>\t\t\t\t\t\t\t\t\t\t\t\t\t\t\t<\/div>\n\t\t\t\t<\/div>\n\t\t\t\t<\/div>\n\t\t<div class=\"elementor-element elementor-element-4ea6d8f e-con-full e-flex e-con e-child\" data-id=\"4ea6d8f\" data-element_type=\"container\" data-e-type=\"container\">\n\t\t\t\t<div class=\"elementor-element elementor-element-222d137 animated-fast elementor-invisible elementor-widget elementor-widget-theme-post-title elementor-page-title elementor-widget-heading\" data-id=\"222d137\" data-element_type=\"widget\" data-e-type=\"widget\" data-settings=\"{&quot;_animation&quot;:&quot;fadeInDown&quot;}\" data-widget_type=\"theme-post-title.default\">\n\t\t\t\t<div class=\"elementor-widget-container\">\n\t\t\t\t\t<h1 class=\"elementor-heading-title elementor-size-default\">MUCHO Burrito c\u00e9l\u00e8bre cet \u00e9t\u00e9 un spectacle de tango unique en son genre.<\/h1>\t\t\t\t<\/div>\n\t\t\t\t<\/div>\n\t\t\t\t<div class=\"elementor-element elementor-element-e6cbeff elementor-hidden-mobile animated-fast elementor-invisible elementor-widget elementor-widget-theme-post-excerpt\" data-id=\"e6cbeff\" data-element_type=\"widget\" data-e-type=\"widget\" data-settings=\"{&quot;_animation&quot;:&quot;fadeInDown&quot;}\" data-widget_type=\"theme-post-excerpt.default\">\n\t\t\t\t<div class=\"elementor-widget-container\">\n\t\t\t\t\tDemi-frites et pleines de saveurs, les nouvelles Tango sont le repas ultime pour se faire plaisir, et ce pour une dur\u00e9e limit\u00e9e !\t\t\t\t<\/div>\n\t\t\t\t<\/div>\n\t\t\t\t<div class=\"elementor-element elementor-element-e844e54 all-btn new-btn animated-fast elementor-invisible elementor-widget elementor-widget-button\" data-id=\"e844e54\" data-element_type=\"widget\" data-e-type=\"widget\" data-settings=\"{&quot;_animation&quot;:&quot;fadeInDown&quot;}\" data-widget_type=\"button.default\">\n\t\t\t\t<div class=\"elementor-widget-container\">\n\t\t\t\t\t\t\t\t\t<div class=\"elementor-button-wrapper\">\n\t\t\t\t\t<a class=\"elementor-button elementor-button-link elementor-size-sm\" href=\"https:\/\/muchoburrito.com\/fr\/news\/mucho-burrito-celebre-cet-ete-un-spectacle-de-tango-unique-en-son-genre\/\" target=\"_blank\">\n\t\t\t\t\t\t<span class=\"elementor-button-content-wrapper\">\n\t\t\t\t\t\t\t\t\t<span class=\"elementor-button-text\">LIRE LA SUITE<\/span>\n\t\t\t\t\t<\/span>\n\t\t\t\t\t<\/a>\n\t\t\t\t<\/div>\n\t\t\t\t\t\t\t\t<\/div>\n\t\t\t\t<\/div>\n\t\t\t\t<\/div>\n\t\t\t\t<\/div>\n\t\t\t\t<\/div>\n\t\t\t\t<\/div>\n\t\t\n\t\t\t\t\t\t<\/div>\n\t\t\t\t<\/div>\n\t\t\t\t<\/div>\n\t\t<div class=\"elementor-element elementor-element-e7c5167 e-con-full e-flex e-con e-child\" data-id=\"e7c5167\" data-element_type=\"container\" data-e-type=\"container\" data-settings=\"{&quot;background_background&quot;:&quot;classic&quot;}\">\n\t\t<div class=\"elementor-element elementor-element-5507c95 e-con-full e-flex e-con e-child\" data-id=\"5507c95\" data-element_type=\"container\" data-e-type=\"container\">\n\t\t\t\t<div class=\"elementor-element elementor-element-d80478d elementor-widget elementor-widget-image\" data-id=\"d80478d\" data-element_type=\"widget\" data-e-type=\"widget\" data-widget_type=\"image.default\">\n\t\t\t\t<div class=\"elementor-widget-container\">\n\t\t\t\t\t\t\t\t\t\t\t\t\t\t\t<img decoding=\"async\" width=\"800\" height=\"510\" src=\"https:\/\/muchoburrito.com\/wp-content\/uploads\/2026\/04\/OFFER-800x510-FR.jpg\" class=\"attachment-large size-large wp-image-46086\" alt=\"\" srcset=\"https:\/\/muchoburrito.com\/wp-content\/uploads\/2026\/04\/OFFER-800x510-FR.jpg 801w, https:\/\/muchoburrito.com\/wp-content\/uploads\/2026\/04\/OFFER-800x510-FR-300x191.jpg 300w, https:\/\/muchoburrito.com\/wp-content\/uploads\/2026\/04\/OFFER-800x510-FR-768x490.jpg 768w\" sizes=\"(max-width: 800px) 100vw, 800px\" \/>\t\t\t\t\t\t\t\t\t\t\t\t\t\t\t<\/div>\n\t\t\t\t<\/div>\n\t\t\t\t<\/div>\n\t\t<div class=\"elementor-element elementor-element-ed48ecc e-con-full e-flex e-con e-child\" data-id=\"ed48ecc\" data-element_type=\"container\" data-e-type=\"container\">\n\t\t\t\t<div class=\"elementor-element elementor-element-0036546 elementor-widget elementor-widget-heading\" data-id=\"0036546\" data-element_type=\"widget\" data-e-type=\"widget\" data-widget_type=\"heading.default\">\n\t\t\t\t<div class=\"elementor-widget-container\">\n\t\t\t\t\t<h2 class=\"elementor-heading-title elementor-size-default\">Voici Salsa Flight<\/h2>\t\t\t\t<\/div>\n\t\t\t\t<\/div>\n\t\t\t\t<div class=\"elementor-element elementor-element-8d5940c elementor-widget elementor-widget-text-editor\" data-id=\"8d5940c\" data-element_type=\"widget\" data-e-type=\"widget\" data-widget_type=\"text-editor.default\">\n\t\t\t\t<div class=\"elementor-widget-container\">\n\t\t\t\t\t\t\t\t\t<p>Notre \u00ab Salsa Flight \u00bb a tout pour plaire : des chips de tortilla fra\u00eechement frites, agr\u00e9ment\u00e9es de citron vert et d&rsquo;assaisonnement, servies avec quatre sauces salsa maison au choix.<\/p>\t\t\t\t\t\t\t\t<\/div>\n\t\t\t\t<\/div>\n\t\t\t\t<div class=\"elementor-element elementor-element-4d2b218 elementor-align-center all-btn join-btn elementor-invisible elementor-widget elementor-widget-button\" data-id=\"4d2b218\" data-element_type=\"widget\" data-e-type=\"widget\" data-settings=\"{&quot;_animation&quot;:&quot;pulse&quot;}\" data-widget_type=\"button.default\">\n\t\t\t\t<div class=\"elementor-widget-container\">\n\t\t\t\t\t\t\t\t\t<div class=\"elementor-button-wrapper\">\n\t\t\t\t\t<a class=\"elementor-button elementor-button-link elementor-size-sm\" href=\"\/fr\/mucho-news\/cali-crunch\/\" target=\"_blank\">\n\t\t\t\t\t\t<span class=\"elementor-button-content-wrapper\">\n\t\t\t\t\t\t\t\t\t<span class=\"elementor-button-text\">Lire la suite<\/span>\n\t\t\t\t\t<\/span>\n\t\t\t\t\t<\/a>\n\t\t\t\t<\/div>\n\t\t\t\t\t\t\t\t<\/div>\n\t\t\t\t<\/div>\n\t\t\t\t<\/div>\n\t\t\t\t<\/div>\n\t\t<div class=\"elementor-element elementor-element-614dee5 e-con-full e-flex e-con e-child\" data-id=\"614dee5\" data-element_type=\"container\" data-e-type=\"container\" data-settings=\"{&quot;background_background&quot;:&quot;classic&quot;}\">\n\t\t<div class=\"elementor-element elementor-element-6a93dcb e-con-full e-flex e-con e-child\" data-id=\"6a93dcb\" data-element_type=\"container\" data-e-type=\"container\">\n\t\t\t\t<div class=\"elementor-element elementor-element-923ed50 elementor-widget elementor-widget-image\" data-id=\"923ed50\" data-element_type=\"widget\" data-e-type=\"widget\" data-widget_type=\"image.default\">\n\t\t\t\t<div class=\"elementor-widget-container\">\n\t\t\t\t\t\t\t\t\t\t\t\t\t\t\t<img decoding=\"async\" width=\"800\" height=\"800\" src=\"https:\/\/muchoburrito.com\/wp-content\/uploads\/2025\/07\/BURRITO-1080x1080-1.jpg\" class=\"attachment-large size-large wp-image-42518\" alt=\"The Ghost Pepper Burrito is here \u2013 but only for a limited time.\" srcset=\"https:\/\/muchoburrito.com\/wp-content\/uploads\/2025\/07\/BURRITO-1080x1080-1.jpg 800w, https:\/\/muchoburrito.com\/wp-content\/uploads\/2025\/07\/BURRITO-1080x1080-1-300x300.jpg 300w, https:\/\/muchoburrito.com\/wp-content\/uploads\/2025\/07\/BURRITO-1080x1080-1-150x150.jpg 150w, https:\/\/muchoburrito.com\/wp-content\/uploads\/2025\/07\/BURRITO-1080x1080-1-768x768.jpg 768w\" sizes=\"(max-width: 800px) 100vw, 800px\" \/>\t\t\t\t\t\t\t\t\t\t\t\t\t\t\t<\/div>\n\t\t\t\t<\/div>\n\t\t\t\t<\/div>\n\t\t<div class=\"elementor-element elementor-element-641d6f8 e-con-full e-flex e-con e-child\" data-id=\"641d6f8\" data-element_type=\"container\" data-e-type=\"container\">\n\t\t\t\t<div class=\"elementor-element elementor-element-88cad07 elementor-widget elementor-widget-heading\" data-id=\"88cad07\" data-element_type=\"widget\" data-e-type=\"widget\" data-widget_type=\"heading.default\">\n\t\t\t\t<div class=\"elementor-widget-container\">\n\t\t\t\t\t<h2 class=\"elementor-heading-title elementor-size-default\">Cet \u00e9t\u00e9, MUCHO offre le piquant rafra\u00eechissant du piment ultra fort jolokia<\/h2>\t\t\t\t<\/div>\n\t\t\t\t<\/div>\n\t\t\t\t<div class=\"elementor-element elementor-element-369c002 elementor-widget elementor-widget-text-editor\" data-id=\"369c002\" data-element_type=\"widget\" data-e-type=\"widget\" data-widget_type=\"text-editor.default\">\n\t\t\t\t<div class=\"elementor-widget-container\">\n\t\t\t\t\t\t\t\t\t<p>Chez MUCHO, nous invitons la population canadienne \u00e0 braver la chaleur en go\u00fbtant \u00e0 notre burrito au piment ultra fort jolokia, offert dans les restaurants participants jusqu\u2019au 21\u00a0septembre prochain.<\/p>\t\t\t\t\t\t\t\t<\/div>\n\t\t\t\t<\/div>\n\t\t\t\t<div class=\"elementor-element elementor-element-a947700 elementor-align-center all-btn join-btn elementor-invisible elementor-widget elementor-widget-button\" data-id=\"a947700\" data-element_type=\"widget\" data-e-type=\"widget\" data-settings=\"{&quot;_animation&quot;:&quot;pulse&quot;}\" data-widget_type=\"button.default\">\n\t\t\t\t<div class=\"elementor-widget-container\">\n\t\t\t\t\t\t\t\t\t<div class=\"elementor-button-wrapper\">\n\t\t\t\t\t<a class=\"elementor-button elementor-button-link elementor-size-sm\" href=\"https:\/\/muchoburrito.com\/fr\/ghost-pepper-blog\/\" target=\"_blank\">\n\t\t\t\t\t\t<span class=\"elementor-button-content-wrapper\">\n\t\t\t\t\t\t\t\t\t<span class=\"elementor-button-text\">Lire la suite<\/span>\n\t\t\t\t\t<\/span>\n\t\t\t\t\t<\/a>\n\t\t\t\t<\/div>\n\t\t\t\t\t\t\t\t<\/div>\n\t\t\t\t<\/div>\n\t\t\t\t<\/div>\n\t\t\t\t<\/div>\n\t\t<div class=\"elementor-element elementor-element-75d05da e-con-full elementor-hidden-widescreen elementor-hidden-desktop elementor-hidden-laptop elementor-hidden-tablet_extra elementor-hidden-tablet elementor-hidden-mobile e-flex e-con e-child\" data-id=\"75d05da\" data-element_type=\"container\" data-e-type=\"container\" data-settings=\"{&quot;background_background&quot;:&quot;classic&quot;}\">\n\t\t<div class=\"elementor-element elementor-element-4a83323 e-con-full e-flex e-con e-child\" data-id=\"4a83323\" data-element_type=\"container\" data-e-type=\"container\">\n\t\t\t\t<div class=\"elementor-element elementor-element-b73d0ce elementor-widget elementor-widget-image\" data-id=\"b73d0ce\" data-element_type=\"widget\" data-e-type=\"widget\" data-widget_type=\"image.default\">\n\t\t\t\t<div class=\"elementor-widget-container\">\n\t\t\t\t\t\t\t\t\t\t\t\t\t\t\t<img loading=\"lazy\" decoding=\"async\" width=\"800\" height=\"800\" src=\"https:\/\/muchoburrito.com\/wp-content\/uploads\/2025\/05\/POST-1080x1080-1-1024x1024.jpg\" class=\"attachment-large size-large wp-image-40532\" alt=\"\" srcset=\"https:\/\/muchoburrito.com\/wp-content\/uploads\/2025\/05\/POST-1080x1080-1-1024x1024.jpg 1024w, https:\/\/muchoburrito.com\/wp-content\/uploads\/2025\/05\/POST-1080x1080-1-300x300.jpg 300w, https:\/\/muchoburrito.com\/wp-content\/uploads\/2025\/05\/POST-1080x1080-1-150x150.jpg 150w, https:\/\/muchoburrito.com\/wp-content\/uploads\/2025\/05\/POST-1080x1080-1-768x768.jpg 768w, https:\/\/muchoburrito.com\/wp-content\/uploads\/2025\/05\/POST-1080x1080-1.jpg 1080w\" sizes=\"(max-width: 800px) 100vw, 800px\" \/>\t\t\t\t\t\t\t\t\t\t\t\t\t\t\t<\/div>\n\t\t\t\t<\/div>\n\t\t\t\t<\/div>\n\t\t<div class=\"elementor-element elementor-element-89ed8d4 e-con-full e-flex e-con e-child\" data-id=\"89ed8d4\" data-element_type=\"container\" data-e-type=\"container\">\n\t\t\t\t<div class=\"elementor-element elementor-element-26e6aad elementor-widget elementor-widget-heading\" data-id=\"26e6aad\" data-element_type=\"widget\" data-e-type=\"widget\" data-widget_type=\"heading.default\">\n\t\t\t\t<div class=\"elementor-widget-container\">\n\t\t\t\t\t<h2 class=\"elementor-heading-title elementor-size-default\">NOW OPEN: MUCHO BURRITO AT PEMBERTON PLAZA, NORTH VANCOUVER!<\/h2>\t\t\t\t<\/div>\n\t\t\t\t<\/div>\n\t\t\t\t<div class=\"elementor-element elementor-element-606d181 elementor-widget elementor-widget-text-editor\" data-id=\"606d181\" data-element_type=\"widget\" data-e-type=\"widget\" data-widget_type=\"text-editor.default\">\n\t\t\t\t<div class=\"elementor-widget-container\">\n\t\t\t\t\t\t\t\t\t<p>We\u2019re fired up to bring bold, handcrafted flavour to North Vancouver with the opening of our newest MUCHO Burrito location at Pemberton Plaza\u2014now open and serving up extra in every bite.<\/p>\n\t\t\t\t\t\t\t\t<\/div>\n\t\t\t\t<\/div>\n\t\t\t\t<div class=\"elementor-element elementor-element-10ec914 elementor-align-center all-btn join-btn elementor-invisible elementor-widget elementor-widget-button\" data-id=\"10ec914\" data-element_type=\"widget\" data-e-type=\"widget\" data-settings=\"{&quot;_animation&quot;:&quot;pulse&quot;}\" data-widget_type=\"button.default\">\n\t\t\t\t<div class=\"elementor-widget-container\">\n\t\t\t\t\t\t\t\t\t<div class=\"elementor-button-wrapper\">\n\t\t\t\t\t<a class=\"elementor-button elementor-button-link elementor-size-sm\" href=\"https:\/\/muchoburrito.com\/pemberton\/\" target=\"_blank\">\n\t\t\t\t\t\t<span class=\"elementor-button-content-wrapper\">\n\t\t\t\t\t\t\t\t\t<span class=\"elementor-button-text\">READ MORE<\/span>\n\t\t\t\t\t<\/span>\n\t\t\t\t\t<\/a>\n\t\t\t\t<\/div>\n\t\t\t\t\t\t\t\t<\/div>\n\t\t\t\t<\/div>\n\t\t\t\t<\/div>\n\t\t\t\t<\/div>\n\t\t\t\t\t<\/div>\n\t\t\t\t<\/div>\n\t\t\t\t<\/div>\n\t\t","protected":false},"excerpt":{"rendered":"<p>ACTUALIT\u00c9S MUCHO Voici Salsa Flight Notre \u00ab Salsa Flight \u00bb a tout pour plaire : des chips de tortilla fra\u00eechement frites, agr\u00e9ment\u00e9es de citron vert et d&rsquo;assaisonnement, servies avec quatre sauces salsa maison au choix. Lire la suite Cet \u00e9t\u00e9, MUCHO offre le piquant rafra\u00eechissant du piment ultra fort jolokia Chez MUCHO, nous invitons la [&hellip;]<\/p>\n","protected":false},"author":1,"featured_media":0,"parent":0,"menu_order":0,"comment_status":"closed","ping_status":"closed","template":"elementor_header_footer","meta":{"_acf_changed":false,"footnotes":""},"class_list":["post-20568","page","type-page","status-publish","hentry"],"acf":[],"_links":{"self":[{"href":"https:\/\/muchoburrito.com\/fr\/wp-json\/wp\/v2\/pages\/20568","targetHints":{"allow":["GET"]}}],"collection":[{"href":"https:\/\/muchoburrito.com\/fr\/wp-json\/wp\/v2\/pages"}],"about":[{"href":"https:\/\/muchoburrito.com\/fr\/wp-json\/wp\/v2\/types\/page"}],"author":[{"embeddable":true,"href":"https:\/\/muchoburrito.com\/fr\/wp-json\/wp\/v2\/users\/1"}],"replies":[{"embeddable":true,"href":"https:\/\/muchoburrito.com\/fr\/wp-json\/wp\/v2\/comments?post=20568"}],"version-history":[{"count":3,"href":"https:\/\/muchoburrito.com\/fr\/wp-json\/wp\/v2\/pages\/20568\/revisions"}],"predecessor-version":[{"id":46338,"href":"https:\/\/muchoburrito.com\/fr\/wp-json\/wp\/v2\/pages\/20568\/revisions\/46338"}],"wp:attachment":[{"href":"https:\/\/muchoburrito.com\/fr\/wp-json\/wp\/v2\/media?parent=20568"}],"curies":[{"name":"wp","href":"https:\/\/api.w.org\/{rel}","templated":true}]}}